{"id":400,"date":"2025-06-28T19:53:50","date_gmt":"2025-06-28T17:53:50","guid":{"rendered":"https:\/\/purepilatesstudio.com.pl\/?post_type=product&#038;p=400"},"modified":"2025-06-29T21:48:53","modified_gmt":"2025-06-29T19:48:53","slug":"wieza-scienna","status":"publish","type":"product","link":"https:\/\/purepilatesstudio.com.pl\/index.php\/produkt\/wieza-scienna\/","title":{"rendered":"WIE\u017bA \u015aCIENNA"},"content":{"rendered":"<h2 data-start=\"349\" data-end=\"403\"><strong data-start=\"349\" data-end=\"388\">Port Pilates Wie\u017ca \u015acienna (z Mat\u0105)<\/strong><\/h2>\n<p>&nbsp;<\/p>\n<p data-start=\"349\" data-end=\"403\"><strong data-start=\"391\" data-end=\"401\">Cechy:<\/strong><\/p>\n<p data-start=\"406\" data-end=\"511\">Wykonana z bukowego drewna klasy 1. Dzi\u0119ki specjalnemu matowemu lakierowi jest chroniona przed p\u0142ynami.<\/p>\n<p data-start=\"514\" data-end=\"576\">Na ca\u0142ej tapicerce zastosowano antybakteryjn\u0105 sk\u00f3r\u0119 klasy 1.<\/p>\n<p data-start=\"579\" data-end=\"684\">Produkt umo\u017cliwia wykonywanie wszystkich \u0107wicze\u0144 rozci\u0105gaj\u0105cych dzi\u0119ki drewnianemu dr\u0105\u017ckowi do pchania.<\/p>\n<p data-start=\"687\" data-end=\"812\">Montowana do \u015bciany. Dzi\u0119ki temu, \u017ce nie zajmuje miejsca, jest praktycznym rozwi\u0105zaniem zar\u00f3wno do dom\u00f3w, jak i do studi\u00f3w.<\/p>\n<p data-start=\"815\" data-end=\"860\">Elementy metalowe s\u0105 chromowane na \u017celazie.<\/p>\n<p data-start=\"863\" data-end=\"968\">Liczba spr\u0119\u017cyn w g\u00f3rnej cz\u0119\u015bci zestawu: 8 sztuk (2 kr\u00f3tkie \u017c\u00f3\u0142to-fioletowe \/ 2 d\u0142ugie \u017c\u00f3\u0142to-fioletowe).<\/p>\n<p data-start=\"971\" data-end=\"1060\">Wszystkie spr\u0119\u017cyny zastosowane w sprz\u0119cie wykonane s\u0105 z wysokiej jako\u015bci stali klasy 1.<\/p>\n","protected":false},"excerpt":{"rendered":"<p>Umo\u017cliwia wykonywanie wszystkich \u0107wicze\u0144 przy \u015bcianie i na macie bez kompromis\u00f3w w kwestii komfortu.<br data-start=\"148\" data-end=\"151\" \/>Zestaw zosta\u0142 zaprojektowany w taki spos\u00f3b, aby oszcz\u0119dza\u0107 miejsce i przestrze\u0144. Niezale\u017cnie od tego, czy \u0107wiczysz w studiu, czy w domu, mo\u017cesz wykonywa\u0107 \u0107wiczenia bezpiecznie i z przyjemno\u015bci\u0105.<\/p>\n","protected":false},"featured_media":401,"comment_status":"closed","ping_status":"closed","template":"","meta":{"site-sidebar-layout":"default","site-content-layout":"","ast-site-content-layout":"default","site-content-style":"default","site-sidebar-style":"default","ast-global-header-display":"","ast-banner-title-visibility":"","ast-main-header-display":"","ast-hfb-above-header-display":"","ast-hfb-below-header-display":"","ast-hfb-mobile-header-display":"","site-post-title":"","ast-breadcrumbs-content":"","ast-featured-img":"","footer-sml-layout":"","theme-transparent-header-meta":"default","adv-header-id-meta":"","stick-header-meta":"","header-above-stick-meta":"","header-main-stick-meta":"","header-below-stick-meta":"","astra-migrate-meta-layouts":"set","ast-page-background-enabled":"default","ast-page-background-meta":{"desktop":{"background-color":"var(--ast-global-color-5)","background-image":"","background-repeat":"repeat","background-position":"center center","background-size":"auto","background-attachment":"scroll","background-type":"","background-media":"","overlay-type":"","overlay-color":"","overlay-opacity":"","overlay-gradient":""},"tablet":{"background-color":"","background-image":"","background-repeat":"repeat","background-position":"center center","background-size":"auto","background-attachment":"scroll","background-type":"","background-media":"","overlay-type":"","overlay-color":"","overlay-opacity":"","overlay-gradient":""},"mobile":{"background-color":"","background-image":"","background-repeat":"repeat","background-position":"center center","background-size":"auto","background-attachment":"scroll","background-type":"","background-media":"","overlay-type":"","overlay-color":"","overlay-opacity":"","overlay-gradient":""}},"ast-content-background-meta":{"desktop":{"background-color":"var(--ast-global-color-4)","background-image":"","background-repeat":"repeat","background-position":"center center","background-size":"auto","background-attachment":"scroll","background-type":"","background-media":"","overlay-type":"","overlay-color":"","overlay-opacity":"","overlay-gradient":""},"tablet":{"background-color":"var(--ast-global-color-4)","background-image":"","background-repeat":"repeat","background-position":"center center","background-size":"auto","background-attachment":"scroll","background-type":"","background-media":"","overlay-type":"","overlay-color":"","overlay-opacity":"","overlay-gradient":""},"mobile":{"background-color":"var(--ast-global-color-4)","background-image":"","background-repeat":"repeat","background-position":"center center","background-size":"auto","background-attachment":"scroll","background-type":"","background-media":"","overlay-type":"","overlay-color":"","overlay-opacity":"","overlay-gradient":""}}},"product_brand":[],"product_cat":[34,36],"product_tag":[],"class_list":{"0":"post-400","1":"product","2":"type-product","3":"status-publish","4":"has-post-thumbnail","6":"product_cat-pozostale-do-pilatesu","7":"product_cat-wieza-scienna","8":"desktop-align-left","9":"tablet-align-left","10":"mobile-align-left","12":"first","13":"instock","14":"shipping-taxable","15":"product-type-simple"},"yoast_head":"<!-- This site is optimized with the Yoast SEO Premium plugin v26.9 (Yoast SEO v26.9) - https:\/\/yoast.com\/product\/yoast-seo-premium-wordpress\/ -->\n<title>WIE\u017bA \u015aCIENNA - Pure Pilates Studio<\/title>\n<meta name=\"description\" content=\"Port Pilates Wie\u017ca \u015acienna (z Mat\u0105) umo\u017cliwia wykonywanie wszystkich \u0107wicze\u0144 przy \u015bcianie i na macie bez kompromis\u00f3w w kwestii komfortu.\" \/>\n<meta name=\"robots\" content=\"index, follow, max-snippet:-1, max-image-preview:large, max-video-preview:-1\" \/>\n<link rel=\"canonical\" href=\"https:\/\/purepilatesstudio.com.pl\/index.php\/produkt\/wieza-scienna\/\" \/>\n<meta property=\"og:locale\" content=\"pl_PL\" \/>\n<meta property=\"og:type\" content=\"article\" \/>\n<meta property=\"og:title\" content=\"WIE\u017bA \u015aCIENNA\" \/>\n<meta property=\"og:description\" content=\"Port Pilates Wie\u017ca \u015acienna (z Mat\u0105) umo\u017cliwia wykonywanie wszystkich \u0107wicze\u0144 przy \u015bcianie i na macie bez kompromis\u00f3w w kwestii komfortu.\" \/>\n<meta property=\"og:url\" content=\"https:\/\/purepilatesstudio.com.pl\/index.php\/produkt\/wieza-scienna\/\" \/>\n<meta property=\"og:site_name\" content=\"Pure Pilates Studio\" \/>\n<meta property=\"article:modified_time\" content=\"2025-06-29T19:48:53+00:00\" \/>\n<meta property=\"og:image\" content=\"https:\/\/purepilatesstudio.com.pl\/wp-content\/uploads\/2025\/06\/WIEZA-SCIENNA.png\" \/>\n\t<meta property=\"og:image:width\" content=\"757\" \/>\n\t<meta property=\"og:image:height\" content=\"1024\" \/>\n\t<meta property=\"og:image:type\" content=\"image\/png\" \/>\n<meta name=\"twitter:card\" content=\"summary_large_image\" \/>\n<meta name=\"twitter:label1\" content=\"Cena\" \/>\n\t<meta name=\"twitter:data1\" content=\"\" \/>\n\t<meta name=\"twitter:label2\" content=\"Dost\u0119pno\u015b\u0107\" \/>\n\t<meta name=\"twitter:data2\" content=\"Dost\u0119pny\" \/>\n<script type=\"application\/ld+json\" class=\"yoast-schema-graph\">{\"@context\":\"https:\/\/schema.org\",\"@graph\":[{\"@type\":\"WebPage\",\"@id\":\"https:\/\/purepilatesstudio.com.pl\/index.php\/produkt\/wieza-scienna\/\",\"url\":\"https:\/\/purepilatesstudio.com.pl\/index.php\/produkt\/wieza-scienna\/\",\"name\":\"WIE\u017bA \u015aCIENNA - Pure Pilates Studio\",\"isPartOf\":{\"@id\":\"https:\/\/purepilatesstudio.com.pl\/#website\"},\"primaryImageOfPage\":{\"@id\":\"https:\/\/purepilatesstudio.com.pl\/index.php\/produkt\/wieza-scienna\/#primaryimage\"},\"image\":{\"@id\":\"https:\/\/purepilatesstudio.com.pl\/index.php\/produkt\/wieza-scienna\/#primaryimage\"},\"thumbnailUrl\":\"https:\/\/purepilatesstudio.com.pl\/wp-content\/uploads\/2025\/06\/WIEZA-SCIENNA.png\",\"datePublished\":\"2025-06-28T17:53:50+00:00\",\"dateModified\":\"2025-06-29T19:48:53+00:00\",\"description\":\"Port Pilates Wie\u017ca \u015acienna (z Mat\u0105) umo\u017cliwia wykonywanie wszystkich \u0107wicze\u0144 przy \u015bcianie i na macie bez kompromis\u00f3w w kwestii komfortu.\",\"breadcrumb\":{\"@id\":\"https:\/\/purepilatesstudio.com.pl\/index.php\/produkt\/wieza-scienna\/#breadcrumb\"},\"inLanguage\":\"pl-PL\",\"potentialAction\":[{\"@type\":\"ReadAction\",\"target\":[\"https:\/\/purepilatesstudio.com.pl\/index.php\/produkt\/wieza-scienna\/\"]}]},{\"@type\":\"ImageObject\",\"inLanguage\":\"pl-PL\",\"@id\":\"https:\/\/purepilatesstudio.com.pl\/index.php\/produkt\/wieza-scienna\/#primaryimage\",\"url\":\"https:\/\/purepilatesstudio.com.pl\/wp-content\/uploads\/2025\/06\/WIEZA-SCIENNA.png\",\"contentUrl\":\"https:\/\/purepilatesstudio.com.pl\/wp-content\/uploads\/2025\/06\/WIEZA-SCIENNA.png\",\"width\":757,\"height\":1024},{\"@type\":\"BreadcrumbList\",\"@id\":\"https:\/\/purepilatesstudio.com.pl\/index.php\/produkt\/wieza-scienna\/#breadcrumb\",\"itemListElement\":[{\"@type\":\"ListItem\",\"position\":1,\"name\":\"Home\",\"item\":\"https:\/\/purepilatesstudio.com.pl\/\"},{\"@type\":\"ListItem\",\"position\":2,\"name\":\"Sprz\u0119t\",\"item\":\"https:\/\/purepilatesstudio.com.pl\/index.php\/sprzet\/\"},{\"@type\":\"ListItem\",\"position\":3,\"name\":\"WIE\u017bA \u015aCIENNA\"}]},{\"@type\":\"WebSite\",\"@id\":\"https:\/\/purepilatesstudio.com.pl\/#website\",\"url\":\"https:\/\/purepilatesstudio.com.pl\/\",\"name\":\"Pure Pilates Studio\",\"description\":\"\",\"publisher\":{\"@id\":\"https:\/\/purepilatesstudio.com.pl\/#organization\"},\"potentialAction\":[{\"@type\":\"SearchAction\",\"target\":{\"@type\":\"EntryPoint\",\"urlTemplate\":\"https:\/\/purepilatesstudio.com.pl\/?s={search_term_string}\"},\"query-input\":{\"@type\":\"PropertyValueSpecification\",\"valueRequired\":true,\"valueName\":\"search_term_string\"}}],\"inLanguage\":\"pl-PL\"},{\"@type\":\"Organization\",\"@id\":\"https:\/\/purepilatesstudio.com.pl\/#organization\",\"name\":\"Pure Pilates Studio\",\"url\":\"https:\/\/purepilatesstudio.com.pl\/\",\"logo\":{\"@type\":\"ImageObject\",\"inLanguage\":\"pl-PL\",\"@id\":\"https:\/\/purepilatesstudio.com.pl\/#\/schema\/logo\/image\/\",\"url\":\"https:\/\/purepilatesstudio.com.pl\/wp-content\/uploads\/2026\/02\/Pure-Pilates-Studio-2-e1750674500360.png\",\"contentUrl\":\"https:\/\/purepilatesstudio.com.pl\/wp-content\/uploads\/2026\/02\/Pure-Pilates-Studio-2-e1750674500360.png\",\"width\":1138,\"height\":790,\"caption\":\"Pure Pilates Studio\"},\"image\":{\"@id\":\"https:\/\/purepilatesstudio.com.pl\/#\/schema\/logo\/image\/\"}}]}<\/script>\n<meta property=\"product:price:amount\" content=\"0.00\" \/>\n<meta property=\"product:price:currency\" content=\"PLN\" \/>\n<meta property=\"og:availability\" content=\"instock\" \/>\n<meta property=\"product:availability\" content=\"instock\" \/>\n<meta property=\"product:condition\" content=\"new\" \/>\n<!-- \/ Yoast SEO Premium plugin. -->","yoast_head_json":{"title":"WIE\u017bA \u015aCIENNA - Pure Pilates Studio","description":"Port Pilates Wie\u017ca \u015acienna (z Mat\u0105) umo\u017cliwia wykonywanie wszystkich \u0107wicze\u0144 przy \u015bcianie i na macie bez kompromis\u00f3w w kwestii komfortu.","robots":{"index":"index","follow":"follow","max-snippet":"max-snippet:-1","max-image-preview":"max-image-preview:large","max-video-preview":"max-video-preview:-1"},"canonical":"https:\/\/purepilatesstudio.com.pl\/index.php\/produkt\/wieza-scienna\/","og_locale":"pl_PL","og_type":"article","og_title":"WIE\u017bA \u015aCIENNA","og_description":"Port Pilates Wie\u017ca \u015acienna (z Mat\u0105) umo\u017cliwia wykonywanie wszystkich \u0107wicze\u0144 przy \u015bcianie i na macie bez kompromis\u00f3w w kwestii komfortu.","og_url":"https:\/\/purepilatesstudio.com.pl\/index.php\/produkt\/wieza-scienna\/","og_site_name":"Pure Pilates Studio","article_modified_time":"2025-06-29T19:48:53+00:00","og_image":[{"width":757,"height":1024,"url":"https:\/\/purepilatesstudio.com.pl\/wp-content\/uploads\/2025\/06\/WIEZA-SCIENNA.png","type":"image\/png"}],"twitter_card":"summary_large_image","twitter_misc":{"Cena":"","Dost\u0119pno\u015b\u0107":"Dost\u0119pny"},"schema":{"@context":"https:\/\/schema.org","@graph":[{"@type":"WebPage","@id":"https:\/\/purepilatesstudio.com.pl\/index.php\/produkt\/wieza-scienna\/","url":"https:\/\/purepilatesstudio.com.pl\/index.php\/produkt\/wieza-scienna\/","name":"WIE\u017bA \u015aCIENNA - Pure Pilates Studio","isPartOf":{"@id":"https:\/\/purepilatesstudio.com.pl\/#website"},"primaryImageOfPage":{"@id":"https:\/\/purepilatesstudio.com.pl\/index.php\/produkt\/wieza-scienna\/#primaryimage"},"image":{"@id":"https:\/\/purepilatesstudio.com.pl\/index.php\/produkt\/wieza-scienna\/#primaryimage"},"thumbnailUrl":"https:\/\/purepilatesstudio.com.pl\/wp-content\/uploads\/2025\/06\/WIEZA-SCIENNA.png","datePublished":"2025-06-28T17:53:50+00:00","dateModified":"2025-06-29T19:48:53+00:00","description":"Port Pilates Wie\u017ca \u015acienna (z Mat\u0105) umo\u017cliwia wykonywanie wszystkich \u0107wicze\u0144 przy \u015bcianie i na macie bez kompromis\u00f3w w kwestii komfortu.","breadcrumb":{"@id":"https:\/\/purepilatesstudio.com.pl\/index.php\/produkt\/wieza-scienna\/#breadcrumb"},"inLanguage":"pl-PL","potentialAction":[{"@type":"ReadAction","target":["https:\/\/purepilatesstudio.com.pl\/index.php\/produkt\/wieza-scienna\/"]}]},{"@type":"ImageObject","inLanguage":"pl-PL","@id":"https:\/\/purepilatesstudio.com.pl\/index.php\/produkt\/wieza-scienna\/#primaryimage","url":"https:\/\/purepilatesstudio.com.pl\/wp-content\/uploads\/2025\/06\/WIEZA-SCIENNA.png","contentUrl":"https:\/\/purepilatesstudio.com.pl\/wp-content\/uploads\/2025\/06\/WIEZA-SCIENNA.png","width":757,"height":1024},{"@type":"BreadcrumbList","@id":"https:\/\/purepilatesstudio.com.pl\/index.php\/produkt\/wieza-scienna\/#breadcrumb","itemListElement":[{"@type":"ListItem","position":1,"name":"Home","item":"https:\/\/purepilatesstudio.com.pl\/"},{"@type":"ListItem","position":2,"name":"Sprz\u0119t","item":"https:\/\/purepilatesstudio.com.pl\/index.php\/sprzet\/"},{"@type":"ListItem","position":3,"name":"WIE\u017bA \u015aCIENNA"}]},{"@type":"WebSite","@id":"https:\/\/purepilatesstudio.com.pl\/#website","url":"https:\/\/purepilatesstudio.com.pl\/","name":"Pure Pilates Studio","description":"","publisher":{"@id":"https:\/\/purepilatesstudio.com.pl\/#organization"},"potentialAction":[{"@type":"SearchAction","target":{"@type":"EntryPoint","urlTemplate":"https:\/\/purepilatesstudio.com.pl\/?s={search_term_string}"},"query-input":{"@type":"PropertyValueSpecification","valueRequired":true,"valueName":"search_term_string"}}],"inLanguage":"pl-PL"},{"@type":"Organization","@id":"https:\/\/purepilatesstudio.com.pl\/#organization","name":"Pure Pilates Studio","url":"https:\/\/purepilatesstudio.com.pl\/","logo":{"@type":"ImageObject","inLanguage":"pl-PL","@id":"https:\/\/purepilatesstudio.com.pl\/#\/schema\/logo\/image\/","url":"https:\/\/purepilatesstudio.com.pl\/wp-content\/uploads\/2026\/02\/Pure-Pilates-Studio-2-e1750674500360.png","contentUrl":"https:\/\/purepilatesstudio.com.pl\/wp-content\/uploads\/2026\/02\/Pure-Pilates-Studio-2-e1750674500360.png","width":1138,"height":790,"caption":"Pure Pilates Studio"},"image":{"@id":"https:\/\/purepilatesstudio.com.pl\/#\/schema\/logo\/image\/"}}]},"product_price_amount":"0.00","product_price_currency":"PLN","og_availability":"instock","product_availability":"instock","product_condition":"new"},"_links":{"self":[{"href":"https:\/\/purepilatesstudio.com.pl\/index.php\/wp-json\/wp\/v2\/product\/400","targetHints":{"allow":["GET"]}}],"collection":[{"href":"https:\/\/purepilatesstudio.com.pl\/index.php\/wp-json\/wp\/v2\/product"}],"about":[{"href":"https:\/\/purepilatesstudio.com.pl\/index.php\/wp-json\/wp\/v2\/types\/product"}],"replies":[{"embeddable":true,"href":"https:\/\/purepilatesstudio.com.pl\/index.php\/wp-json\/wp\/v2\/comments?post=400"}],"wp:featuredmedia":[{"embeddable":true,"href":"https:\/\/purepilatesstudio.com.pl\/index.php\/wp-json\/wp\/v2\/media\/401"}],"wp:attachment":[{"href":"https:\/\/purepilatesstudio.com.pl\/index.php\/wp-json\/wp\/v2\/media?parent=400"}],"wp:term":[{"taxonomy":"product_brand","embeddable":true,"href":"https:\/\/purepilatesstudio.com.pl\/index.php\/wp-json\/wp\/v2\/product_brand?post=400"},{"taxonomy":"product_cat","embeddable":true,"href":"https:\/\/purepilatesstudio.com.pl\/index.php\/wp-json\/wp\/v2\/product_cat?post=400"},{"taxonomy":"product_tag","embeddable":true,"href":"https:\/\/purepilatesstudio.com.pl\/index.php\/wp-json\/wp\/v2\/product_tag?post=400"}],"curies":[{"name":"wp","href":"https:\/\/api.w.org\/{rel}","templated":true}]}}