{"id":393,"date":"2025-06-27T00:43:45","date_gmt":"2025-06-26T22:43:45","guid":{"rendered":"https:\/\/purepilatesstudio.com.pl\/?post_type=product&#038;p=393"},"modified":"2025-06-29T21:49:13","modified_gmt":"2025-06-29T19:49:13","slug":"arc-barrel","status":"publish","type":"product","link":"https:\/\/purepilatesstudio.com.pl\/index.php\/produkt\/arc-barrel\/","title":{"rendered":"ARC BARREL"},"content":{"rendered":"<p data-start=\"380\" data-end=\"959\"><strong data-start=\"380\" data-end=\"419\">Cechy produktu: Ergonomiczny design<\/strong><br data-start=\"419\" data-end=\"422\" \/><strong data-start=\"422\" data-end=\"447\">PP Systems Arc Barrel<\/strong> \u2013 ergonomiczna konstrukcja oraz ortopedyczna pianka wspieraj\u0105 optymalne u\u0142o\u017cenie cia\u0142a i p\u0142ynno\u015b\u0107 ruch\u00f3w.<br data-start=\"553\" data-end=\"556\" \/><strong data-start=\"556\" data-end=\"579\">Kolor sk\u00f3ry: czarny<\/strong><br data-start=\"579\" data-end=\"582\" \/>\u0141atwy do podnoszenia i przenoszenia dzi\u0119ki uchwytom z pewnym chwytem.<br data-start=\"651\" data-end=\"654\" \/>Wysokiej jako\u015bci wyko\u0144czenie meblowe, solidna rama wykonana ze specjalnie produkowanego drewna.<br data-start=\"749\" data-end=\"752\" \/>Wysoki poziom komfortu dzi\u0119ki ortopedycznej piance i antypo\u015blizgowej pow\u0142oce winylowej.<br data-start=\"839\" data-end=\"842\" \/>Wszystkie zastosowane materia\u0142y zosta\u0142y zaprojektowane i u\u017cyte w wyniku szczeg\u00f3\u0142owych bada\u0144 i prac rozwojowych (R&amp;D).<\/p>\n","protected":false},"excerpt":{"rendered":"<p>Cechy produktu: Ergonomiczny designPP Systems Arc Barrel \u2013 ergonomiczna konstrukcja oraz ortopedyczna pianka wspieraj\u0105 optymalne u\u0142o\u017cenie cia\u0142a i p\u0142ynno\u015b\u0107 ruch\u00f3w.Kolor [&hellip;]<\/p>\n","protected":false},"featured_media":394,"comment_status":"closed","ping_status":"closed","template":"","meta":{"site-sidebar-layout":"default","site-content-layout":"","ast-site-content-layout":"default","site-content-style":"default","site-sidebar-style":"default","ast-global-header-display":"","ast-banner-title-visibility":"","ast-main-header-display":"","ast-hfb-above-header-display":"","ast-hfb-below-header-display":"","ast-hfb-mobile-header-display":"","site-post-title":"","ast-breadcrumbs-content":"","ast-featured-img":"","footer-sml-layout":"","theme-transparent-header-meta":"default","adv-header-id-meta":"","stick-header-meta":"","header-above-stick-meta":"","header-main-stick-meta":"","header-below-stick-meta":"","astra-migrate-meta-layouts":"set","ast-page-background-enabled":"default","ast-page-background-meta":{"desktop":{"background-color":"var(--ast-global-color-5)","background-image":"","background-repeat":"repeat","background-position":"center center","background-size":"auto","background-attachment":"scroll","background-type":"","background-media":"","overlay-type":"","overlay-color":"","overlay-opacity":"","overlay-gradient":""},"tablet":{"background-color":"","background-image":"","background-repeat":"repeat","background-position":"center center","background-size":"auto","background-attachment":"scroll","background-type":"","background-media":"","overlay-type":"","overlay-color":"","overlay-opacity":"","overlay-gradient":""},"mobile":{"background-color":"","background-image":"","background-repeat":"repeat","background-position":"center center","background-size":"auto","background-attachment":"scroll","background-type":"","background-media":"","overlay-type":"","overlay-color":"","overlay-opacity":"","overlay-gradient":""}},"ast-content-background-meta":{"desktop":{"background-color":"var(--ast-global-color-4)","background-image":"","background-repeat":"repeat","background-position":"center center","background-size":"auto","background-attachment":"scroll","background-type":"","background-media":"","overlay-type":"","overlay-color":"","overlay-opacity":"","overlay-gradient":""},"tablet":{"background-color":"var(--ast-global-color-4)","background-image":"","background-repeat":"repeat","background-position":"center center","background-size":"auto","background-attachment":"scroll","background-type":"","background-media":"","overlay-type":"","overlay-color":"","overlay-opacity":"","overlay-gradient":""},"mobile":{"background-color":"var(--ast-global-color-4)","background-image":"","background-repeat":"repeat","background-position":"center center","background-size":"auto","background-attachment":"scroll","background-type":"","background-media":"","overlay-type":"","overlay-color":"","overlay-opacity":"","overlay-gradient":""}}},"product_brand":[],"product_cat":[35,34],"product_tag":[],"class_list":{"0":"post-393","1":"product","2":"type-product","3":"status-publish","4":"has-post-thumbnail","6":"product_cat-beczki-do-pilatesu","7":"product_cat-pozostale-do-pilatesu","8":"desktop-align-left","9":"tablet-align-left","10":"mobile-align-left","12":"first","13":"instock","14":"shipping-taxable","15":"product-type-simple"},"yoast_head":"<!-- This site is optimized with the Yoast SEO Premium plugin v26.9 (Yoast SEO v26.9) - https:\/\/yoast.com\/product\/yoast-seo-premium-wordpress\/ -->\n<title>ARC BARREL - Pure Pilates Studio<\/title>\n<meta name=\"description\" content=\"ARC BARREL to beczka o ergonomicznej konstrukcji oraz ortopedycznej piance, kt\u00f3re wspieraj\u0105 optymalne u\u0142o\u017cenie cia\u0142a i p\u0142ynno\u015b\u0107 ruch\u00f3w.\" \/>\n<meta name=\"robots\" content=\"index, follow, max-snippet:-1, max-image-preview:large, max-video-preview:-1\" \/>\n<link rel=\"canonical\" href=\"https:\/\/purepilatesstudio.com.pl\/index.php\/produkt\/arc-barrel\/\" \/>\n<meta property=\"og:locale\" content=\"pl_PL\" \/>\n<meta property=\"og:type\" content=\"article\" \/>\n<meta property=\"og:title\" content=\"ARC BARREL\" \/>\n<meta property=\"og:description\" content=\"ARC BARREL to beczka o ergonomicznej konstrukcji oraz ortopedycznej piance, kt\u00f3re wspieraj\u0105 optymalne u\u0142o\u017cenie cia\u0142a i p\u0142ynno\u015b\u0107 ruch\u00f3w.\" \/>\n<meta property=\"og:url\" content=\"https:\/\/purepilatesstudio.com.pl\/index.php\/produkt\/arc-barrel\/\" \/>\n<meta property=\"og:site_name\" content=\"Pure Pilates Studio\" \/>\n<meta property=\"article:modified_time\" content=\"2025-06-29T19:49:13+00:00\" \/>\n<meta property=\"og:image\" content=\"https:\/\/purepilatesstudio.com.pl\/wp-content\/uploads\/2025\/06\/BARREL-ARC.png\" \/>\n\t<meta property=\"og:image:width\" content=\"1406\" \/>\n\t<meta property=\"og:image:height\" content=\"928\" \/>\n\t<meta property=\"og:image:type\" content=\"image\/png\" \/>\n<meta name=\"twitter:card\" content=\"summary_large_image\" \/>\n<meta name=\"twitter:label1\" content=\"Cena\" \/>\n\t<meta name=\"twitter:data1\" content=\"\" \/>\n\t<meta name=\"twitter:label2\" content=\"Dost\u0119pno\u015b\u0107\" \/>\n\t<meta name=\"twitter:data2\" content=\"Dost\u0119pny\" \/>\n<script type=\"application\/ld+json\" class=\"yoast-schema-graph\">{\"@context\":\"https:\/\/schema.org\",\"@graph\":[{\"@type\":\"WebPage\",\"@id\":\"https:\/\/purepilatesstudio.com.pl\/index.php\/produkt\/arc-barrel\/\",\"url\":\"https:\/\/purepilatesstudio.com.pl\/index.php\/produkt\/arc-barrel\/\",\"name\":\"ARC BARREL - Pure Pilates Studio\",\"isPartOf\":{\"@id\":\"https:\/\/purepilatesstudio.com.pl\/#website\"},\"primaryImageOfPage\":{\"@id\":\"https:\/\/purepilatesstudio.com.pl\/index.php\/produkt\/arc-barrel\/#primaryimage\"},\"image\":{\"@id\":\"https:\/\/purepilatesstudio.com.pl\/index.php\/produkt\/arc-barrel\/#primaryimage\"},\"thumbnailUrl\":\"https:\/\/purepilatesstudio.com.pl\/wp-content\/uploads\/2025\/06\/BARREL-ARC.png\",\"datePublished\":\"2025-06-26T22:43:45+00:00\",\"dateModified\":\"2025-06-29T19:49:13+00:00\",\"description\":\"ARC BARREL to beczka o ergonomicznej konstrukcji oraz ortopedycznej piance, kt\u00f3re wspieraj\u0105 optymalne u\u0142o\u017cenie cia\u0142a i p\u0142ynno\u015b\u0107 ruch\u00f3w.\",\"breadcrumb\":{\"@id\":\"https:\/\/purepilatesstudio.com.pl\/index.php\/produkt\/arc-barrel\/#breadcrumb\"},\"inLanguage\":\"pl-PL\",\"potentialAction\":[{\"@type\":\"ReadAction\",\"target\":[\"https:\/\/purepilatesstudio.com.pl\/index.php\/produkt\/arc-barrel\/\"]}]},{\"@type\":\"ImageObject\",\"inLanguage\":\"pl-PL\",\"@id\":\"https:\/\/purepilatesstudio.com.pl\/index.php\/produkt\/arc-barrel\/#primaryimage\",\"url\":\"https:\/\/purepilatesstudio.com.pl\/wp-content\/uploads\/2025\/06\/BARREL-ARC.png\",\"contentUrl\":\"https:\/\/purepilatesstudio.com.pl\/wp-content\/uploads\/2025\/06\/BARREL-ARC.png\",\"width\":1406,\"height\":928},{\"@type\":\"BreadcrumbList\",\"@id\":\"https:\/\/purepilatesstudio.com.pl\/index.php\/produkt\/arc-barrel\/#breadcrumb\",\"itemListElement\":[{\"@type\":\"ListItem\",\"position\":1,\"name\":\"Home\",\"item\":\"https:\/\/purepilatesstudio.com.pl\/\"},{\"@type\":\"ListItem\",\"position\":2,\"name\":\"Sprz\u0119t\",\"item\":\"https:\/\/purepilatesstudio.com.pl\/index.php\/sprzet\/\"},{\"@type\":\"ListItem\",\"position\":3,\"name\":\"ARC BARREL\"}]},{\"@type\":\"WebSite\",\"@id\":\"https:\/\/purepilatesstudio.com.pl\/#website\",\"url\":\"https:\/\/purepilatesstudio.com.pl\/\",\"name\":\"Pure Pilates Studio\",\"description\":\"\",\"publisher\":{\"@id\":\"https:\/\/purepilatesstudio.com.pl\/#organization\"},\"potentialAction\":[{\"@type\":\"SearchAction\",\"target\":{\"@type\":\"EntryPoint\",\"urlTemplate\":\"https:\/\/purepilatesstudio.com.pl\/?s={search_term_string}\"},\"query-input\":{\"@type\":\"PropertyValueSpecification\",\"valueRequired\":true,\"valueName\":\"search_term_string\"}}],\"inLanguage\":\"pl-PL\"},{\"@type\":\"Organization\",\"@id\":\"https:\/\/purepilatesstudio.com.pl\/#organization\",\"name\":\"Pure Pilates Studio\",\"url\":\"https:\/\/purepilatesstudio.com.pl\/\",\"logo\":{\"@type\":\"ImageObject\",\"inLanguage\":\"pl-PL\",\"@id\":\"https:\/\/purepilatesstudio.com.pl\/#\/schema\/logo\/image\/\",\"url\":\"https:\/\/purepilatesstudio.com.pl\/wp-content\/uploads\/2026\/02\/Pure-Pilates-Studio-2-e1750674500360.png\",\"contentUrl\":\"https:\/\/purepilatesstudio.com.pl\/wp-content\/uploads\/2026\/02\/Pure-Pilates-Studio-2-e1750674500360.png\",\"width\":1138,\"height\":790,\"caption\":\"Pure Pilates Studio\"},\"image\":{\"@id\":\"https:\/\/purepilatesstudio.com.pl\/#\/schema\/logo\/image\/\"}}]}<\/script>\n<meta property=\"product:price:amount\" content=\"0.00\" \/>\n<meta property=\"product:price:currency\" content=\"PLN\" \/>\n<meta property=\"og:availability\" content=\"instock\" \/>\n<meta property=\"product:availability\" content=\"instock\" \/>\n<meta property=\"product:condition\" content=\"new\" \/>\n<!-- \/ Yoast SEO Premium plugin. -->","yoast_head_json":{"title":"ARC BARREL - Pure Pilates Studio","description":"ARC BARREL to beczka o ergonomicznej konstrukcji oraz ortopedycznej piance, kt\u00f3re wspieraj\u0105 optymalne u\u0142o\u017cenie cia\u0142a i p\u0142ynno\u015b\u0107 ruch\u00f3w.","robots":{"index":"index","follow":"follow","max-snippet":"max-snippet:-1","max-image-preview":"max-image-preview:large","max-video-preview":"max-video-preview:-1"},"canonical":"https:\/\/purepilatesstudio.com.pl\/index.php\/produkt\/arc-barrel\/","og_locale":"pl_PL","og_type":"article","og_title":"ARC BARREL","og_description":"ARC BARREL to beczka o ergonomicznej konstrukcji oraz ortopedycznej piance, kt\u00f3re wspieraj\u0105 optymalne u\u0142o\u017cenie cia\u0142a i p\u0142ynno\u015b\u0107 ruch\u00f3w.","og_url":"https:\/\/purepilatesstudio.com.pl\/index.php\/produkt\/arc-barrel\/","og_site_name":"Pure Pilates Studio","article_modified_time":"2025-06-29T19:49:13+00:00","og_image":[{"width":1406,"height":928,"url":"https:\/\/purepilatesstudio.com.pl\/wp-content\/uploads\/2025\/06\/BARREL-ARC.png","type":"image\/png"}],"twitter_card":"summary_large_image","twitter_misc":{"Cena":"","Dost\u0119pno\u015b\u0107":"Dost\u0119pny"},"schema":{"@context":"https:\/\/schema.org","@graph":[{"@type":"WebPage","@id":"https:\/\/purepilatesstudio.com.pl\/index.php\/produkt\/arc-barrel\/","url":"https:\/\/purepilatesstudio.com.pl\/index.php\/produkt\/arc-barrel\/","name":"ARC BARREL - Pure Pilates Studio","isPartOf":{"@id":"https:\/\/purepilatesstudio.com.pl\/#website"},"primaryImageOfPage":{"@id":"https:\/\/purepilatesstudio.com.pl\/index.php\/produkt\/arc-barrel\/#primaryimage"},"image":{"@id":"https:\/\/purepilatesstudio.com.pl\/index.php\/produkt\/arc-barrel\/#primaryimage"},"thumbnailUrl":"https:\/\/purepilatesstudio.com.pl\/wp-content\/uploads\/2025\/06\/BARREL-ARC.png","datePublished":"2025-06-26T22:43:45+00:00","dateModified":"2025-06-29T19:49:13+00:00","description":"ARC BARREL to beczka o ergonomicznej konstrukcji oraz ortopedycznej piance, kt\u00f3re wspieraj\u0105 optymalne u\u0142o\u017cenie cia\u0142a i p\u0142ynno\u015b\u0107 ruch\u00f3w.","breadcrumb":{"@id":"https:\/\/purepilatesstudio.com.pl\/index.php\/produkt\/arc-barrel\/#breadcrumb"},"inLanguage":"pl-PL","potentialAction":[{"@type":"ReadAction","target":["https:\/\/purepilatesstudio.com.pl\/index.php\/produkt\/arc-barrel\/"]}]},{"@type":"ImageObject","inLanguage":"pl-PL","@id":"https:\/\/purepilatesstudio.com.pl\/index.php\/produkt\/arc-barrel\/#primaryimage","url":"https:\/\/purepilatesstudio.com.pl\/wp-content\/uploads\/2025\/06\/BARREL-ARC.png","contentUrl":"https:\/\/purepilatesstudio.com.pl\/wp-content\/uploads\/2025\/06\/BARREL-ARC.png","width":1406,"height":928},{"@type":"BreadcrumbList","@id":"https:\/\/purepilatesstudio.com.pl\/index.php\/produkt\/arc-barrel\/#breadcrumb","itemListElement":[{"@type":"ListItem","position":1,"name":"Home","item":"https:\/\/purepilatesstudio.com.pl\/"},{"@type":"ListItem","position":2,"name":"Sprz\u0119t","item":"https:\/\/purepilatesstudio.com.pl\/index.php\/sprzet\/"},{"@type":"ListItem","position":3,"name":"ARC BARREL"}]},{"@type":"WebSite","@id":"https:\/\/purepilatesstudio.com.pl\/#website","url":"https:\/\/purepilatesstudio.com.pl\/","name":"Pure Pilates Studio","description":"","publisher":{"@id":"https:\/\/purepilatesstudio.com.pl\/#organization"},"potentialAction":[{"@type":"SearchAction","target":{"@type":"EntryPoint","urlTemplate":"https:\/\/purepilatesstudio.com.pl\/?s={search_term_string}"},"query-input":{"@type":"PropertyValueSpecification","valueRequired":true,"valueName":"search_term_string"}}],"inLanguage":"pl-PL"},{"@type":"Organization","@id":"https:\/\/purepilatesstudio.com.pl\/#organization","name":"Pure Pilates Studio","url":"https:\/\/purepilatesstudio.com.pl\/","logo":{"@type":"ImageObject","inLanguage":"pl-PL","@id":"https:\/\/purepilatesstudio.com.pl\/#\/schema\/logo\/image\/","url":"https:\/\/purepilatesstudio.com.pl\/wp-content\/uploads\/2026\/02\/Pure-Pilates-Studio-2-e1750674500360.png","contentUrl":"https:\/\/purepilatesstudio.com.pl\/wp-content\/uploads\/2026\/02\/Pure-Pilates-Studio-2-e1750674500360.png","width":1138,"height":790,"caption":"Pure Pilates Studio"},"image":{"@id":"https:\/\/purepilatesstudio.com.pl\/#\/schema\/logo\/image\/"}}]},"product_price_amount":"0.00","product_price_currency":"PLN","og_availability":"instock","product_availability":"instock","product_condition":"new"},"_links":{"self":[{"href":"https:\/\/purepilatesstudio.com.pl\/index.php\/wp-json\/wp\/v2\/product\/393","targetHints":{"allow":["GET"]}}],"collection":[{"href":"https:\/\/purepilatesstudio.com.pl\/index.php\/wp-json\/wp\/v2\/product"}],"about":[{"href":"https:\/\/purepilatesstudio.com.pl\/index.php\/wp-json\/wp\/v2\/types\/product"}],"replies":[{"embeddable":true,"href":"https:\/\/purepilatesstudio.com.pl\/index.php\/wp-json\/wp\/v2\/comments?post=393"}],"wp:featuredmedia":[{"embeddable":true,"href":"https:\/\/purepilatesstudio.com.pl\/index.php\/wp-json\/wp\/v2\/media\/394"}],"wp:attachment":[{"href":"https:\/\/purepilatesstudio.com.pl\/index.php\/wp-json\/wp\/v2\/media?parent=393"}],"wp:term":[{"taxonomy":"product_brand","embeddable":true,"href":"https:\/\/purepilatesstudio.com.pl\/index.php\/wp-json\/wp\/v2\/product_brand?post=393"},{"taxonomy":"product_cat","embeddable":true,"href":"https:\/\/purepilatesstudio.com.pl\/index.php\/wp-json\/wp\/v2\/product_cat?post=393"},{"taxonomy":"product_tag","embeddable":true,"href":"https:\/\/purepilatesstudio.com.pl\/index.php\/wp-json\/wp\/v2\/product_tag?post=393"}],"curies":[{"name":"wp","href":"https:\/\/api.w.org\/{rel}","templated":true}]}}