{"id":384,"date":"2025-06-26T00:37:10","date_gmt":"2025-06-25T22:37:10","guid":{"rendered":"https:\/\/purepilatesstudio.com.pl\/?post_type=product&#038;p=384"},"modified":"2025-06-29T21:50:03","modified_gmt":"2025-06-29T19:50:03","slug":"folding-reformer-tower","status":"publish","type":"product","link":"https:\/\/purepilatesstudio.com.pl\/index.php\/produkt\/folding-reformer-tower\/","title":{"rendered":"FOLDING REFORMER TOWER"},"content":{"rendered":"<h2 data-start=\"46\" data-end=\"89\"><strong data-start=\"46\" data-end=\"89\">CECHY PRODUKTU \u2013 FOLDING REFORMER TOWER<\/strong><\/h2>\n<h2 data-start=\"91\" data-end=\"274\"><strong data-start=\"91\" data-end=\"111\">PERFEKCYJNY RUCH<\/strong><\/h2>\n<p data-start=\"91\" data-end=\"274\">Folding Reformer zapewnia p\u0142ynny ruch oraz doskona\u0142e mo\u017cliwo\u015bci regulacji. Dzi\u0119ki swojej specjalnej, sk\u0142adanej konstrukcji pozwala r\u00f3wnie\u017c zaoszcz\u0119dzi\u0107 miejsce.<\/p>\n<h2 data-start=\"276\" data-end=\"961\"><strong data-start=\"276\" data-end=\"310\">NIEOGRANICZONE OPCJE REGULACJI<\/strong><\/h2>\n<p data-start=\"276\" data-end=\"961\">Rozszerzone opcje przek\u0142adni umo\u017cliwiaj\u0105 wyj\u0105tkowo precyzyjn\u0105 kontrol\u0119 k\u0105ta b\u0119bna oraz dok\u0142adne dostosowanie oporu spr\u0119\u017cyn do indywidualnych potrzeb.<br data-start=\"462\" data-end=\"465\" \/>8 specjalnie wykonanych k\u00f3\u0142ek i \u0142o\u017cysk w w\u00f3zku zapewnia cich\u0105 i komfortow\u0105 prac\u0119.<br data-start=\"546\" data-end=\"549\" \/>Trwa\u0142e i wysokiej jako\u015bci prowadnice.<br data-start=\"586\" data-end=\"589\" \/>D\u0142ugi, szeroki materac przesuwany, pokryty ortopedyczn\u0105 piank\u0105.<br data-start=\"652\" data-end=\"655\" \/>Spr\u0119\u017cyny wykonane s\u0105 ze specjalnie zwijanej stali, z r\u00f3\u017cnym poziomem oporu dla ka\u017cdego koloru.<br data-start=\"749\" data-end=\"752\" \/>W w\u00f3zku znajduje si\u0119 5 spr\u0119\u017cyn.<br data-start=\"783\" data-end=\"786\" \/>Regulowany pa\u0142\u0105k, poduszki na ramiona i dr\u0105\u017cek na stopy.<br data-start=\"842\" data-end=\"845\" \/>Do zestawu akcesori\u00f3w nale\u017c\u0105 pude\u0142ko (Box) oraz odskocznia (Springboard), kt\u00f3re wchodz\u0105 w sk\u0142ad pe\u0142nego wyposa\u017cenia.<\/p>\n<h2 data-start=\"963\" data-end=\"1402\"><strong data-start=\"963\" data-end=\"993\">WYSOKIEJ JAKO\u015aCI MATERIA\u0141Y<\/strong><\/h2>\n<p data-start=\"963\" data-end=\"1402\">\u017belazo u\u017cyte do konstrukcji zosta\u0142o precyzyjnie wyci\u0119te przy u\u017cyciu technologii CNC, co zapewnia trwa\u0142o\u015b\u0107 i estetyk\u0119.<br data-start=\"1113\" data-end=\"1116\" \/>Wszystkie elementy \u2013 od najmniejszych komponent\u00f3w po stalowe \u015bruby k\u00f3\u0142 w\u00f3zka \u2013 powsta\u0142y w wyniku szczeg\u00f3\u0142owych bada\u0144 i prac rozwojowych (R&amp;D).<br data-start=\"1258\" data-end=\"1261\" \/>G\u0105bki uchwyt\u00f3w nie \u015blizgaj\u0105 si\u0119 i nie powoduj\u0105 pocenia. Klamry u\u017cyte w uchwytach oraz innych tkaninach s\u0105 wysokiej jako\u015bci i starannie szyte.<\/p>\n<p data-start=\"963\" data-end=\"1402\"><img fetchpriority=\"high\" decoding=\"async\" class=\"alignnone size-medium wp-image-379\" src=\"https:\/\/purepilatesstudio.com.pl\/wp-content\/uploads\/2025\/06\/METAL-TOWER-REFORMER-1-300x198.png\" alt=\"\" width=\"300\" height=\"198\" srcset=\"https:\/\/purepilatesstudio.com.pl\/wp-content\/uploads\/2025\/06\/METAL-TOWER-REFORMER-1-300x198.png 300w, https:\/\/purepilatesstudio.com.pl\/wp-content\/uploads\/2025\/06\/METAL-TOWER-REFORMER-1.png 573w\" sizes=\"(max-width: 300px) 100vw, 300px\" \/><\/p>\n<h2 data-start=\"1404\" data-end=\"1599\"><strong data-start=\"1404\" data-end=\"1436\">SK\u0141ADANE WIE\u017bE (TOWER POLES)<\/strong><\/h2>\n<p data-start=\"1404\" data-end=\"1599\" data-is-last-node=\"\" data-is-only-node=\"\">\u017belazo u\u017cyte do budowy wie\u017c wykonane jest z trwa\u0142ych materia\u0142\u00f3w. Dzi\u0119ki sk\u0142adanym wie\u017com konstrukcja zajmuje ma\u0142o miejsca i mo\u017ce by\u0107 z \u0142atwo\u015bci\u0105 transportowana.<\/p>\n","protected":false},"excerpt":{"rendered":"<p>Folding Reformer zapewnia p\u0142ynny ruch oraz doskona\u0142e mo\u017cliwo\u015bci regulacji. Dzi\u0119ki swojej specjalnej, sk\u0142adanej konstrukcji pozwala r\u00f3wnie\u017c zaoszcz\u0119dzi\u0107 miejsce.<\/p>\n","protected":false},"featured_media":385,"comment_status":"closed","ping_status":"closed","template":"","meta":{"site-sidebar-layout":"default","site-content-layout":"","ast-site-content-layout":"default","site-content-style":"default","site-sidebar-style":"default","ast-global-header-display":"","ast-banner-title-visibility":"","ast-main-header-display":"","ast-hfb-above-header-display":"","ast-hfb-below-header-display":"","ast-hfb-mobile-header-display":"","site-post-title":"","ast-breadcrumbs-content":"","ast-featured-img":"","footer-sml-layout":"","theme-transparent-header-meta":"default","adv-header-id-meta":"","stick-header-meta":"","header-above-stick-meta":"","header-main-stick-meta":"","header-below-stick-meta":"","astra-migrate-meta-layouts":"set","ast-page-background-enabled":"default","ast-page-background-meta":{"desktop":{"background-color":"var(--ast-global-color-5)","background-image":"","background-repeat":"repeat","background-position":"center center","background-size":"auto","background-attachment":"scroll","background-type":"","background-media":"","overlay-type":"","overlay-color":"","overlay-opacity":"","overlay-gradient":""},"tablet":{"background-color":"","background-image":"","background-repeat":"repeat","background-position":"center center","background-size":"auto","background-attachment":"scroll","background-type":"","background-media":"","overlay-type":"","overlay-color":"","overlay-opacity":"","overlay-gradient":""},"mobile":{"background-color":"","background-image":"","background-repeat":"repeat","background-position":"center center","background-size":"auto","background-attachment":"scroll","background-type":"","background-media":"","overlay-type":"","overlay-color":"","overlay-opacity":"","overlay-gradient":""}},"ast-content-background-meta":{"desktop":{"background-color":"var(--ast-global-color-4)","background-image":"","background-repeat":"repeat","background-position":"center center","background-size":"auto","background-attachment":"scroll","background-type":"","background-media":"","overlay-type":"","overlay-color":"","overlay-opacity":"","overlay-gradient":""},"tablet":{"background-color":"var(--ast-global-color-4)","background-image":"","background-repeat":"repeat","background-position":"center center","background-size":"auto","background-attachment":"scroll","background-type":"","background-media":"","overlay-type":"","overlay-color":"","overlay-opacity":"","overlay-gradient":""},"mobile":{"background-color":"var(--ast-global-color-4)","background-image":"","background-repeat":"repeat","background-position":"center center","background-size":"auto","background-attachment":"scroll","background-type":"","background-media":"","overlay-type":"","overlay-color":"","overlay-opacity":"","overlay-gradient":""}}},"product_brand":[],"product_cat":[32,23],"product_tag":[],"class_list":{"0":"post-384","1":"product","2":"type-product","3":"status-publish","4":"has-post-thumbnail","6":"product_cat-reformer-skladany","7":"product_cat-reformer-tower","8":"desktop-align-left","9":"tablet-align-left","10":"mobile-align-left","12":"first","13":"instock","14":"shipping-taxable","15":"product-type-simple"},"yoast_head":"<!-- This site is optimized with the Yoast SEO Premium plugin v26.9 (Yoast SEO v26.9) - https:\/\/yoast.com\/product\/yoast-seo-premium-wordpress\/ -->\n<title>FOLDING REFORMER TOWER - Pure Pilates Studio<\/title>\n<meta name=\"description\" content=\"Folding Reformer zapewnia p\u0142ynny ruch oraz doskona\u0142e mo\u017cliwo\u015bci regulacji. Dzi\u0119ki swojej specjalnej, sk\u0142adanej konstrukcji pozwala r\u00f3wnie\u017c zaoszcz\u0119dzi\u0107 miejsce.\" \/>\n<meta name=\"robots\" content=\"index, follow, max-snippet:-1, max-image-preview:large, max-video-preview:-1\" \/>\n<link rel=\"canonical\" href=\"https:\/\/purepilatesstudio.com.pl\/index.php\/produkt\/folding-reformer-tower\/\" \/>\n<meta property=\"og:locale\" content=\"pl_PL\" \/>\n<meta property=\"og:type\" content=\"article\" \/>\n<meta property=\"og:title\" content=\"FOLDING REFORMER TOWER\" \/>\n<meta property=\"og:description\" content=\"Folding Reformer zapewnia p\u0142ynny ruch oraz doskona\u0142e mo\u017cliwo\u015bci regulacji. Dzi\u0119ki swojej specjalnej, sk\u0142adanej konstrukcji pozwala r\u00f3wnie\u017c zaoszcz\u0119dzi\u0107 miejsce.\" \/>\n<meta property=\"og:url\" content=\"https:\/\/purepilatesstudio.com.pl\/index.php\/produkt\/folding-reformer-tower\/\" \/>\n<meta property=\"og:site_name\" content=\"Pure Pilates Studio\" \/>\n<meta property=\"article:modified_time\" content=\"2025-06-29T19:50:03+00:00\" \/>\n<meta property=\"og:image\" content=\"https:\/\/purepilatesstudio.com.pl\/wp-content\/uploads\/2025\/06\/FOLDING-TOWER-REFORMER.png\" \/>\n\t<meta property=\"og:image:width\" content=\"1457\" \/>\n\t<meta property=\"og:image:height\" content=\"976\" \/>\n\t<meta property=\"og:image:type\" content=\"image\/png\" \/>\n<meta name=\"twitter:card\" content=\"summary_large_image\" \/>\n<meta name=\"twitter:label1\" content=\"Cena\" \/>\n\t<meta name=\"twitter:data1\" content=\"\" \/>\n\t<meta name=\"twitter:label2\" content=\"Dost\u0119pno\u015b\u0107\" \/>\n\t<meta name=\"twitter:data2\" content=\"Dost\u0119pny\" \/>\n<script type=\"application\/ld+json\" class=\"yoast-schema-graph\">{\"@context\":\"https:\/\/schema.org\",\"@graph\":[{\"@type\":\"WebPage\",\"@id\":\"https:\/\/purepilatesstudio.com.pl\/index.php\/produkt\/folding-reformer-tower\/\",\"url\":\"https:\/\/purepilatesstudio.com.pl\/index.php\/produkt\/folding-reformer-tower\/\",\"name\":\"FOLDING REFORMER TOWER - Pure Pilates Studio\",\"isPartOf\":{\"@id\":\"https:\/\/purepilatesstudio.com.pl\/#website\"},\"primaryImageOfPage\":{\"@id\":\"https:\/\/purepilatesstudio.com.pl\/index.php\/produkt\/folding-reformer-tower\/#primaryimage\"},\"image\":{\"@id\":\"https:\/\/purepilatesstudio.com.pl\/index.php\/produkt\/folding-reformer-tower\/#primaryimage\"},\"thumbnailUrl\":\"https:\/\/purepilatesstudio.com.pl\/wp-content\/uploads\/2025\/06\/FOLDING-TOWER-REFORMER.png\",\"datePublished\":\"2025-06-25T22:37:10+00:00\",\"dateModified\":\"2025-06-29T19:50:03+00:00\",\"description\":\"Folding Reformer zapewnia p\u0142ynny ruch oraz doskona\u0142e mo\u017cliwo\u015bci regulacji. Dzi\u0119ki swojej specjalnej, sk\u0142adanej konstrukcji pozwala r\u00f3wnie\u017c zaoszcz\u0119dzi\u0107 miejsce.\",\"breadcrumb\":{\"@id\":\"https:\/\/purepilatesstudio.com.pl\/index.php\/produkt\/folding-reformer-tower\/#breadcrumb\"},\"inLanguage\":\"pl-PL\",\"potentialAction\":[{\"@type\":\"ReadAction\",\"target\":[\"https:\/\/purepilatesstudio.com.pl\/index.php\/produkt\/folding-reformer-tower\/\"]}]},{\"@type\":\"ImageObject\",\"inLanguage\":\"pl-PL\",\"@id\":\"https:\/\/purepilatesstudio.com.pl\/index.php\/produkt\/folding-reformer-tower\/#primaryimage\",\"url\":\"https:\/\/purepilatesstudio.com.pl\/wp-content\/uploads\/2025\/06\/FOLDING-TOWER-REFORMER.png\",\"contentUrl\":\"https:\/\/purepilatesstudio.com.pl\/wp-content\/uploads\/2025\/06\/FOLDING-TOWER-REFORMER.png\",\"width\":1457,\"height\":976},{\"@type\":\"BreadcrumbList\",\"@id\":\"https:\/\/purepilatesstudio.com.pl\/index.php\/produkt\/folding-reformer-tower\/#breadcrumb\",\"itemListElement\":[{\"@type\":\"ListItem\",\"position\":1,\"name\":\"Home\",\"item\":\"https:\/\/purepilatesstudio.com.pl\/\"},{\"@type\":\"ListItem\",\"position\":2,\"name\":\"Sprz\u0119t\",\"item\":\"https:\/\/purepilatesstudio.com.pl\/index.php\/sprzet\/\"},{\"@type\":\"ListItem\",\"position\":3,\"name\":\"FOLDING REFORMER TOWER\"}]},{\"@type\":\"WebSite\",\"@id\":\"https:\/\/purepilatesstudio.com.pl\/#website\",\"url\":\"https:\/\/purepilatesstudio.com.pl\/\",\"name\":\"Pure Pilates Studio\",\"description\":\"\",\"publisher\":{\"@id\":\"https:\/\/purepilatesstudio.com.pl\/#organization\"},\"potentialAction\":[{\"@type\":\"SearchAction\",\"target\":{\"@type\":\"EntryPoint\",\"urlTemplate\":\"https:\/\/purepilatesstudio.com.pl\/?s={search_term_string}\"},\"query-input\":{\"@type\":\"PropertyValueSpecification\",\"valueRequired\":true,\"valueName\":\"search_term_string\"}}],\"inLanguage\":\"pl-PL\"},{\"@type\":\"Organization\",\"@id\":\"https:\/\/purepilatesstudio.com.pl\/#organization\",\"name\":\"Pure Pilates Studio\",\"url\":\"https:\/\/purepilatesstudio.com.pl\/\",\"logo\":{\"@type\":\"ImageObject\",\"inLanguage\":\"pl-PL\",\"@id\":\"https:\/\/purepilatesstudio.com.pl\/#\/schema\/logo\/image\/\",\"url\":\"https:\/\/purepilatesstudio.com.pl\/wp-content\/uploads\/2026\/02\/Pure-Pilates-Studio-2-e1750674500360.png\",\"contentUrl\":\"https:\/\/purepilatesstudio.com.pl\/wp-content\/uploads\/2026\/02\/Pure-Pilates-Studio-2-e1750674500360.png\",\"width\":1138,\"height\":790,\"caption\":\"Pure Pilates Studio\"},\"image\":{\"@id\":\"https:\/\/purepilatesstudio.com.pl\/#\/schema\/logo\/image\/\"}}]}<\/script>\n<meta property=\"product:price:amount\" content=\"0.00\" \/>\n<meta property=\"product:price:currency\" content=\"PLN\" \/>\n<meta property=\"og:availability\" content=\"instock\" \/>\n<meta property=\"product:availability\" content=\"instock\" \/>\n<meta property=\"product:condition\" content=\"new\" \/>\n<!-- \/ Yoast SEO Premium plugin. -->","yoast_head_json":{"title":"FOLDING REFORMER TOWER - Pure Pilates Studio","description":"Folding Reformer zapewnia p\u0142ynny ruch oraz doskona\u0142e mo\u017cliwo\u015bci regulacji. Dzi\u0119ki swojej specjalnej, sk\u0142adanej konstrukcji pozwala r\u00f3wnie\u017c zaoszcz\u0119dzi\u0107 miejsce.","robots":{"index":"index","follow":"follow","max-snippet":"max-snippet:-1","max-image-preview":"max-image-preview:large","max-video-preview":"max-video-preview:-1"},"canonical":"https:\/\/purepilatesstudio.com.pl\/index.php\/produkt\/folding-reformer-tower\/","og_locale":"pl_PL","og_type":"article","og_title":"FOLDING REFORMER TOWER","og_description":"Folding Reformer zapewnia p\u0142ynny ruch oraz doskona\u0142e mo\u017cliwo\u015bci regulacji. Dzi\u0119ki swojej specjalnej, sk\u0142adanej konstrukcji pozwala r\u00f3wnie\u017c zaoszcz\u0119dzi\u0107 miejsce.","og_url":"https:\/\/purepilatesstudio.com.pl\/index.php\/produkt\/folding-reformer-tower\/","og_site_name":"Pure Pilates Studio","article_modified_time":"2025-06-29T19:50:03+00:00","og_image":[{"width":1457,"height":976,"url":"https:\/\/purepilatesstudio.com.pl\/wp-content\/uploads\/2025\/06\/FOLDING-TOWER-REFORMER.png","type":"image\/png"}],"twitter_card":"summary_large_image","twitter_misc":{"Cena":"","Dost\u0119pno\u015b\u0107":"Dost\u0119pny"},"schema":{"@context":"https:\/\/schema.org","@graph":[{"@type":"WebPage","@id":"https:\/\/purepilatesstudio.com.pl\/index.php\/produkt\/folding-reformer-tower\/","url":"https:\/\/purepilatesstudio.com.pl\/index.php\/produkt\/folding-reformer-tower\/","name":"FOLDING REFORMER TOWER - Pure Pilates Studio","isPartOf":{"@id":"https:\/\/purepilatesstudio.com.pl\/#website"},"primaryImageOfPage":{"@id":"https:\/\/purepilatesstudio.com.pl\/index.php\/produkt\/folding-reformer-tower\/#primaryimage"},"image":{"@id":"https:\/\/purepilatesstudio.com.pl\/index.php\/produkt\/folding-reformer-tower\/#primaryimage"},"thumbnailUrl":"https:\/\/purepilatesstudio.com.pl\/wp-content\/uploads\/2025\/06\/FOLDING-TOWER-REFORMER.png","datePublished":"2025-06-25T22:37:10+00:00","dateModified":"2025-06-29T19:50:03+00:00","description":"Folding Reformer zapewnia p\u0142ynny ruch oraz doskona\u0142e mo\u017cliwo\u015bci regulacji. Dzi\u0119ki swojej specjalnej, sk\u0142adanej konstrukcji pozwala r\u00f3wnie\u017c zaoszcz\u0119dzi\u0107 miejsce.","breadcrumb":{"@id":"https:\/\/purepilatesstudio.com.pl\/index.php\/produkt\/folding-reformer-tower\/#breadcrumb"},"inLanguage":"pl-PL","potentialAction":[{"@type":"ReadAction","target":["https:\/\/purepilatesstudio.com.pl\/index.php\/produkt\/folding-reformer-tower\/"]}]},{"@type":"ImageObject","inLanguage":"pl-PL","@id":"https:\/\/purepilatesstudio.com.pl\/index.php\/produkt\/folding-reformer-tower\/#primaryimage","url":"https:\/\/purepilatesstudio.com.pl\/wp-content\/uploads\/2025\/06\/FOLDING-TOWER-REFORMER.png","contentUrl":"https:\/\/purepilatesstudio.com.pl\/wp-content\/uploads\/2025\/06\/FOLDING-TOWER-REFORMER.png","width":1457,"height":976},{"@type":"BreadcrumbList","@id":"https:\/\/purepilatesstudio.com.pl\/index.php\/produkt\/folding-reformer-tower\/#breadcrumb","itemListElement":[{"@type":"ListItem","position":1,"name":"Home","item":"https:\/\/purepilatesstudio.com.pl\/"},{"@type":"ListItem","position":2,"name":"Sprz\u0119t","item":"https:\/\/purepilatesstudio.com.pl\/index.php\/sprzet\/"},{"@type":"ListItem","position":3,"name":"FOLDING REFORMER TOWER"}]},{"@type":"WebSite","@id":"https:\/\/purepilatesstudio.com.pl\/#website","url":"https:\/\/purepilatesstudio.com.pl\/","name":"Pure Pilates Studio","description":"","publisher":{"@id":"https:\/\/purepilatesstudio.com.pl\/#organization"},"potentialAction":[{"@type":"SearchAction","target":{"@type":"EntryPoint","urlTemplate":"https:\/\/purepilatesstudio.com.pl\/?s={search_term_string}"},"query-input":{"@type":"PropertyValueSpecification","valueRequired":true,"valueName":"search_term_string"}}],"inLanguage":"pl-PL"},{"@type":"Organization","@id":"https:\/\/purepilatesstudio.com.pl\/#organization","name":"Pure Pilates Studio","url":"https:\/\/purepilatesstudio.com.pl\/","logo":{"@type":"ImageObject","inLanguage":"pl-PL","@id":"https:\/\/purepilatesstudio.com.pl\/#\/schema\/logo\/image\/","url":"https:\/\/purepilatesstudio.com.pl\/wp-content\/uploads\/2026\/02\/Pure-Pilates-Studio-2-e1750674500360.png","contentUrl":"https:\/\/purepilatesstudio.com.pl\/wp-content\/uploads\/2026\/02\/Pure-Pilates-Studio-2-e1750674500360.png","width":1138,"height":790,"caption":"Pure Pilates Studio"},"image":{"@id":"https:\/\/purepilatesstudio.com.pl\/#\/schema\/logo\/image\/"}}]},"product_price_amount":"0.00","product_price_currency":"PLN","og_availability":"instock","product_availability":"instock","product_condition":"new"},"_links":{"self":[{"href":"https:\/\/purepilatesstudio.com.pl\/index.php\/wp-json\/wp\/v2\/product\/384","targetHints":{"allow":["GET"]}}],"collection":[{"href":"https:\/\/purepilatesstudio.com.pl\/index.php\/wp-json\/wp\/v2\/product"}],"about":[{"href":"https:\/\/purepilatesstudio.com.pl\/index.php\/wp-json\/wp\/v2\/types\/product"}],"replies":[{"embeddable":true,"href":"https:\/\/purepilatesstudio.com.pl\/index.php\/wp-json\/wp\/v2\/comments?post=384"}],"wp:featuredmedia":[{"embeddable":true,"href":"https:\/\/purepilatesstudio.com.pl\/index.php\/wp-json\/wp\/v2\/media\/385"}],"wp:attachment":[{"href":"https:\/\/purepilatesstudio.com.pl\/index.php\/wp-json\/wp\/v2\/media?parent=384"}],"wp:term":[{"taxonomy":"product_brand","embeddable":true,"href":"https:\/\/purepilatesstudio.com.pl\/index.php\/wp-json\/wp\/v2\/product_brand?post=384"},{"taxonomy":"product_cat","embeddable":true,"href":"https:\/\/purepilatesstudio.com.pl\/index.php\/wp-json\/wp\/v2\/product_cat?post=384"},{"taxonomy":"product_tag","embeddable":true,"href":"https:\/\/purepilatesstudio.com.pl\/index.php\/wp-json\/wp\/v2\/product_tag?post=384"}],"curies":[{"name":"wp","href":"https:\/\/api.w.org\/{rel}","templated":true}]}}