{"id":380,"date":"2025-06-26T00:23:50","date_gmt":"2025-06-25T22:23:50","guid":{"rendered":"https:\/\/purepilatesstudio.com.pl\/?post_type=product&#038;p=380"},"modified":"2025-06-29T21:50:10","modified_gmt":"2025-06-29T19:50:10","slug":"folding-reformer","status":"publish","type":"product","link":"https:\/\/purepilatesstudio.com.pl\/index.php\/produkt\/folding-reformer\/","title":{"rendered":"FOLDING REFORMER"},"content":{"rendered":"<h2 data-start=\"46\" data-end=\"215\"><strong data-start=\"46\" data-end=\"66\">PERFEKCYJNY RUCH<\/strong><\/h2>\n<p data-start=\"46\" data-end=\"215\">Folding Reformer zapewnia p\u0142ynny ruch oraz doskona\u0142e mo\u017cliwo\u015bci regulacji. Dzi\u0119ki swojej sk\u0142adanej konstrukcji pozwala tak\u017ce zaoszcz\u0119dzi\u0107 miejsce.<\/p>\n<h2 data-start=\"217\" data-end=\"950\"><strong data-start=\"217\" data-end=\"250\">NIEOGRANICZONE OPCJE USTAWIE\u0143<\/strong><\/h2>\n<p data-start=\"217\" data-end=\"950\">Rozszerzone opcje przek\u0142adni umo\u017cliwiaj\u0105 wyj\u0105tkowo precyzyjn\u0105 kontrol\u0119 k\u0105ta b\u0119bna oraz dok\u0142adne dostosowanie oporu spr\u0119\u017cyn do indywidualnych potrzeb.<br data-start=\"402\" data-end=\"405\" \/>8 specjalnie zaprojektowanych k\u00f3\u0142ek i \u0142o\u017cysk w w\u00f3zku zapewnia cich\u0105 i komfortow\u0105 prac\u0119.<br data-start=\"492\" data-end=\"495\" \/>Trwa\u0142e i wysokiej jako\u015bci prowadnice.<br data-start=\"532\" data-end=\"535\" data-is-only-node=\"\" \/>D\u0142ugi, szeroki i przesuwany materac pokryty piank\u0105 ortopedyczn\u0105.<br data-start=\"599\" data-end=\"602\" \/>Bezkonkurencyjna precyzja w opcjach regulacji. Spr\u0119\u017cyny wykonane s\u0105 ze specjalnie zwijanej stali, z r\u00f3\u017cnym poziomem oporu dla ka\u017cdego koloru.<br data-start=\"743\" data-end=\"746\" \/>W w\u00f3zku znajduje si\u0119 5 spr\u0119\u017cyn.<br data-start=\"777\" data-end=\"780\" \/>Regulowany pa\u0142\u0105k, poduszki na ramiona i dr\u0105\u017cek na stopy.<br data-start=\"836\" data-end=\"839\" \/>Do zestawu akcesori\u00f3w nale\u017c\u0105 pude\u0142ko (Box) oraz odskocznia (Springboard), stanowi\u0105ce cz\u0119\u015b\u0107 pe\u0142nego wyposa\u017cenia.<\/p>\n<p data-start=\"217\" data-end=\"950\"><img fetchpriority=\"high\" decoding=\"async\" class=\"size-medium wp-image-379 alignleft\" src=\"https:\/\/purepilatesstudio.com.pl\/wp-content\/uploads\/2025\/06\/METAL-TOWER-REFORMER-1-300x198.png\" alt=\"\" width=\"300\" height=\"198\" srcset=\"https:\/\/purepilatesstudio.com.pl\/wp-content\/uploads\/2025\/06\/METAL-TOWER-REFORMER-1-300x198.png 300w, https:\/\/purepilatesstudio.com.pl\/wp-content\/uploads\/2025\/06\/METAL-TOWER-REFORMER-1.png 573w\" sizes=\"(max-width: 300px) 100vw, 300px\" \/><\/p>\n<h2 data-start=\"217\" data-end=\"950\"><strong data-start=\"46\" data-end=\"76\">WYSOKIEJ JAKO\u015aCI MATERIA\u0141Y<\/strong><\/h2>\n<p data-start=\"217\" data-end=\"950\">\u017belazo u\u017cyte do budowy konstrukcji zosta\u0142o precyzyjnie wyci\u0119te przy u\u017cyciu technologii CNC, co pozwoli\u0142o uzyska\u0107 solidny i estetyczny materia\u0142.<br data-start=\"222\" data-end=\"225\" data-is-only-node=\"\" \/>Wszystkie komponenty \u2013 od najmniejszych element\u00f3w po stalowe \u015bruby k\u00f3\u0142 znajduj\u0105cych si\u0119 pod w\u00f3zkiem \u2013 zosta\u0142y zaprojektowane i wykonane w wyniku szczeg\u00f3\u0142owych bada\u0144 i prac rozwojowych (R&amp;D).<br data-start=\"415\" data-end=\"418\" \/>G\u0105bki uchwyt\u00f3w nie \u015blizgaj\u0105 si\u0119 ani nie powoduj\u0105 pocenia si\u0119 d\u0142oni. Klamry u\u017cywane w uchwytach oraz pozosta\u0142ych materia\u0142ach s\u0105 wysokiej jako\u015bci i starannie szyte.<\/p>\n<p data-start=\"217\" data-end=\"950\"><img decoding=\"async\" class=\"alignnone wp-image-383\" src=\"https:\/\/purepilatesstudio.com.pl\/wp-content\/uploads\/2025\/06\/FOLDING-REFORMER-ZLOZONY-300x159.png\" alt=\"\" width=\"455\" height=\"241\" srcset=\"https:\/\/purepilatesstudio.com.pl\/wp-content\/uploads\/2025\/06\/FOLDING-REFORMER-ZLOZONY-300x159.png 300w, https:\/\/purepilatesstudio.com.pl\/wp-content\/uploads\/2025\/06\/FOLDING-REFORMER-ZLOZONY-1024x544.png 1024w, https:\/\/purepilatesstudio.com.pl\/wp-content\/uploads\/2025\/06\/FOLDING-REFORMER-ZLOZONY-768x408.png 768w, https:\/\/purepilatesstudio.com.pl\/wp-content\/uploads\/2025\/06\/FOLDING-REFORMER-ZLOZONY-600x319.png 600w, https:\/\/purepilatesstudio.com.pl\/wp-content\/uploads\/2025\/06\/FOLDING-REFORMER-ZLOZONY.png 1328w\" sizes=\"(max-width: 455px) 100vw, 455px\" \/><\/p>\n","protected":false},"excerpt":{"rendered":"<p>Folding Reformer zapewnia p\u0142ynny ruch oraz doskona\u0142e mo\u017cliwo\u015bci regulacji. Dzi\u0119ki swojej sk\u0142adanej konstrukcji pozwala tak\u017ce zaoszcz\u0119dzi\u0107 miejsce.<\/p>\n","protected":false},"featured_media":381,"comment_status":"closed","ping_status":"closed","template":"","meta":{"site-sidebar-layout":"default","site-content-layout":"","ast-site-content-layout":"default","site-content-style":"default","site-sidebar-style":"default","ast-global-header-display":"","ast-banner-title-visibility":"","ast-main-header-display":"","ast-hfb-above-header-display":"","ast-hfb-below-header-display":"","ast-hfb-mobile-header-display":"","site-post-title":"","ast-breadcrumbs-content":"","ast-featured-img":"","footer-sml-layout":"","theme-transparent-header-meta":"default","adv-header-id-meta":"","stick-header-meta":"","header-above-stick-meta":"","header-main-stick-meta":"","header-below-stick-meta":"","astra-migrate-meta-layouts":"set","ast-page-background-enabled":"default","ast-page-background-meta":{"desktop":{"background-color":"var(--ast-global-color-5)","background-image":"","background-repeat":"repeat","background-position":"center center","background-size":"auto","background-attachment":"scroll","background-type":"","background-media":"","overlay-type":"","overlay-color":"","overlay-opacity":"","overlay-gradient":""},"tablet":{"background-color":"","background-image":"","background-repeat":"repeat","background-position":"center center","background-size":"auto","background-attachment":"scroll","background-type":"","background-media":"","overlay-type":"","overlay-color":"","overlay-opacity":"","overlay-gradient":""},"mobile":{"background-color":"","background-image":"","background-repeat":"repeat","background-position":"center center","background-size":"auto","background-attachment":"scroll","background-type":"","background-media":"","overlay-type":"","overlay-color":"","overlay-opacity":"","overlay-gradient":""}},"ast-content-background-meta":{"desktop":{"background-color":"var(--ast-global-color-4)","background-image":"","background-repeat":"repeat","background-position":"center center","background-size":"auto","background-attachment":"scroll","background-type":"","background-media":"","overlay-type":"","overlay-color":"","overlay-opacity":"","overlay-gradient":""},"tablet":{"background-color":"var(--ast-global-color-4)","background-image":"","background-repeat":"repeat","background-position":"center center","background-size":"auto","background-attachment":"scroll","background-type":"","background-media":"","overlay-type":"","overlay-color":"","overlay-opacity":"","overlay-gradient":""},"mobile":{"background-color":"var(--ast-global-color-4)","background-image":"","background-repeat":"repeat","background-position":"center center","background-size":"auto","background-attachment":"scroll","background-type":"","background-media":"","overlay-type":"","overlay-color":"","overlay-opacity":"","overlay-gradient":""}}},"product_brand":[],"product_cat":[32,25],"product_tag":[],"class_list":{"0":"post-380","1":"product","2":"type-product","3":"status-publish","4":"has-post-thumbnail","6":"product_cat-reformer-skladany","7":"product_cat-reformer-standard","8":"desktop-align-left","9":"tablet-align-left","10":"mobile-align-left","12":"first","13":"instock","14":"shipping-taxable","15":"product-type-simple"},"yoast_head":"<!-- This site is optimized with the Yoast SEO Premium plugin v26.9 (Yoast SEO v26.9) - https:\/\/yoast.com\/product\/yoast-seo-premium-wordpress\/ -->\n<title>FOLDING REFORMER - Pure Pilates Studio<\/title>\n<meta name=\"description\" content=\"Folding Reformer zapewnia p\u0142ynny ruch oraz doskona\u0142e mo\u017cliwo\u015bci regulacji. Dzi\u0119ki swojej sk\u0142adanej konstrukcji pozwala tak\u017ce zaoszcz\u0119dzi\u0107 miejsce.\" \/>\n<meta name=\"robots\" content=\"index, follow, max-snippet:-1, max-image-preview:large, max-video-preview:-1\" \/>\n<link rel=\"canonical\" href=\"https:\/\/purepilatesstudio.com.pl\/index.php\/produkt\/folding-reformer\/\" \/>\n<meta property=\"og:locale\" content=\"pl_PL\" \/>\n<meta property=\"og:type\" content=\"article\" \/>\n<meta property=\"og:title\" content=\"FOLDING REFORMER\" \/>\n<meta property=\"og:description\" content=\"Folding Reformer zapewnia p\u0142ynny ruch oraz doskona\u0142e mo\u017cliwo\u015bci regulacji. Dzi\u0119ki swojej sk\u0142adanej konstrukcji pozwala tak\u017ce zaoszcz\u0119dzi\u0107 miejsce.\" \/>\n<meta property=\"og:url\" content=\"https:\/\/purepilatesstudio.com.pl\/index.php\/produkt\/folding-reformer\/\" \/>\n<meta property=\"og:site_name\" content=\"Pure Pilates Studio\" \/>\n<meta property=\"article:modified_time\" content=\"2025-06-29T19:50:10+00:00\" \/>\n<meta property=\"og:image\" content=\"https:\/\/purepilatesstudio.com.pl\/wp-content\/uploads\/2025\/06\/FOLDING-REFORMER.png\" \/>\n\t<meta property=\"og:image:width\" content=\"1457\" \/>\n\t<meta property=\"og:image:height\" content=\"976\" \/>\n\t<meta property=\"og:image:type\" content=\"image\/png\" \/>\n<meta name=\"twitter:card\" content=\"summary_large_image\" \/>\n<meta name=\"twitter:label1\" content=\"Cena\" \/>\n\t<meta name=\"twitter:data1\" content=\"\" \/>\n\t<meta name=\"twitter:label2\" content=\"Dost\u0119pno\u015b\u0107\" \/>\n\t<meta name=\"twitter:data2\" content=\"Dost\u0119pny\" \/>\n<script type=\"application\/ld+json\" class=\"yoast-schema-graph\">{\"@context\":\"https:\/\/schema.org\",\"@graph\":[{\"@type\":\"WebPage\",\"@id\":\"https:\/\/purepilatesstudio.com.pl\/index.php\/produkt\/folding-reformer\/\",\"url\":\"https:\/\/purepilatesstudio.com.pl\/index.php\/produkt\/folding-reformer\/\",\"name\":\"FOLDING REFORMER - Pure Pilates Studio\",\"isPartOf\":{\"@id\":\"https:\/\/purepilatesstudio.com.pl\/#website\"},\"primaryImageOfPage\":{\"@id\":\"https:\/\/purepilatesstudio.com.pl\/index.php\/produkt\/folding-reformer\/#primaryimage\"},\"image\":{\"@id\":\"https:\/\/purepilatesstudio.com.pl\/index.php\/produkt\/folding-reformer\/#primaryimage\"},\"thumbnailUrl\":\"https:\/\/purepilatesstudio.com.pl\/wp-content\/uploads\/2025\/06\/FOLDING-REFORMER.png\",\"datePublished\":\"2025-06-25T22:23:50+00:00\",\"dateModified\":\"2025-06-29T19:50:10+00:00\",\"description\":\"Folding Reformer zapewnia p\u0142ynny ruch oraz doskona\u0142e mo\u017cliwo\u015bci regulacji. Dzi\u0119ki swojej sk\u0142adanej konstrukcji pozwala tak\u017ce zaoszcz\u0119dzi\u0107 miejsce.\",\"breadcrumb\":{\"@id\":\"https:\/\/purepilatesstudio.com.pl\/index.php\/produkt\/folding-reformer\/#breadcrumb\"},\"inLanguage\":\"pl-PL\",\"potentialAction\":[{\"@type\":\"ReadAction\",\"target\":[\"https:\/\/purepilatesstudio.com.pl\/index.php\/produkt\/folding-reformer\/\"]}]},{\"@type\":\"ImageObject\",\"inLanguage\":\"pl-PL\",\"@id\":\"https:\/\/purepilatesstudio.com.pl\/index.php\/produkt\/folding-reformer\/#primaryimage\",\"url\":\"https:\/\/purepilatesstudio.com.pl\/wp-content\/uploads\/2025\/06\/FOLDING-REFORMER.png\",\"contentUrl\":\"https:\/\/purepilatesstudio.com.pl\/wp-content\/uploads\/2025\/06\/FOLDING-REFORMER.png\",\"width\":1457,\"height\":976},{\"@type\":\"BreadcrumbList\",\"@id\":\"https:\/\/purepilatesstudio.com.pl\/index.php\/produkt\/folding-reformer\/#breadcrumb\",\"itemListElement\":[{\"@type\":\"ListItem\",\"position\":1,\"name\":\"Home\",\"item\":\"https:\/\/purepilatesstudio.com.pl\/\"},{\"@type\":\"ListItem\",\"position\":2,\"name\":\"Sprz\u0119t\",\"item\":\"https:\/\/purepilatesstudio.com.pl\/index.php\/sprzet\/\"},{\"@type\":\"ListItem\",\"position\":3,\"name\":\"FOLDING REFORMER\"}]},{\"@type\":\"WebSite\",\"@id\":\"https:\/\/purepilatesstudio.com.pl\/#website\",\"url\":\"https:\/\/purepilatesstudio.com.pl\/\",\"name\":\"Pure Pilates Studio\",\"description\":\"\",\"publisher\":{\"@id\":\"https:\/\/purepilatesstudio.com.pl\/#organization\"},\"potentialAction\":[{\"@type\":\"SearchAction\",\"target\":{\"@type\":\"EntryPoint\",\"urlTemplate\":\"https:\/\/purepilatesstudio.com.pl\/?s={search_term_string}\"},\"query-input\":{\"@type\":\"PropertyValueSpecification\",\"valueRequired\":true,\"valueName\":\"search_term_string\"}}],\"inLanguage\":\"pl-PL\"},{\"@type\":\"Organization\",\"@id\":\"https:\/\/purepilatesstudio.com.pl\/#organization\",\"name\":\"Pure Pilates Studio\",\"url\":\"https:\/\/purepilatesstudio.com.pl\/\",\"logo\":{\"@type\":\"ImageObject\",\"inLanguage\":\"pl-PL\",\"@id\":\"https:\/\/purepilatesstudio.com.pl\/#\/schema\/logo\/image\/\",\"url\":\"https:\/\/purepilatesstudio.com.pl\/wp-content\/uploads\/2026\/02\/Pure-Pilates-Studio-2-e1750674500360.png\",\"contentUrl\":\"https:\/\/purepilatesstudio.com.pl\/wp-content\/uploads\/2026\/02\/Pure-Pilates-Studio-2-e1750674500360.png\",\"width\":1138,\"height\":790,\"caption\":\"Pure Pilates Studio\"},\"image\":{\"@id\":\"https:\/\/purepilatesstudio.com.pl\/#\/schema\/logo\/image\/\"}}]}<\/script>\n<meta property=\"product:price:amount\" content=\"0.00\" \/>\n<meta property=\"product:price:currency\" content=\"PLN\" \/>\n<meta property=\"og:availability\" content=\"instock\" \/>\n<meta property=\"product:availability\" content=\"instock\" \/>\n<meta property=\"product:condition\" content=\"new\" \/>\n<!-- \/ Yoast SEO Premium plugin. -->","yoast_head_json":{"title":"FOLDING REFORMER - Pure Pilates Studio","description":"Folding Reformer zapewnia p\u0142ynny ruch oraz doskona\u0142e mo\u017cliwo\u015bci regulacji. Dzi\u0119ki swojej sk\u0142adanej konstrukcji pozwala tak\u017ce zaoszcz\u0119dzi\u0107 miejsce.","robots":{"index":"index","follow":"follow","max-snippet":"max-snippet:-1","max-image-preview":"max-image-preview:large","max-video-preview":"max-video-preview:-1"},"canonical":"https:\/\/purepilatesstudio.com.pl\/index.php\/produkt\/folding-reformer\/","og_locale":"pl_PL","og_type":"article","og_title":"FOLDING REFORMER","og_description":"Folding Reformer zapewnia p\u0142ynny ruch oraz doskona\u0142e mo\u017cliwo\u015bci regulacji. Dzi\u0119ki swojej sk\u0142adanej konstrukcji pozwala tak\u017ce zaoszcz\u0119dzi\u0107 miejsce.","og_url":"https:\/\/purepilatesstudio.com.pl\/index.php\/produkt\/folding-reformer\/","og_site_name":"Pure Pilates Studio","article_modified_time":"2025-06-29T19:50:10+00:00","og_image":[{"width":1457,"height":976,"url":"https:\/\/purepilatesstudio.com.pl\/wp-content\/uploads\/2025\/06\/FOLDING-REFORMER.png","type":"image\/png"}],"twitter_card":"summary_large_image","twitter_misc":{"Cena":"","Dost\u0119pno\u015b\u0107":"Dost\u0119pny"},"schema":{"@context":"https:\/\/schema.org","@graph":[{"@type":"WebPage","@id":"https:\/\/purepilatesstudio.com.pl\/index.php\/produkt\/folding-reformer\/","url":"https:\/\/purepilatesstudio.com.pl\/index.php\/produkt\/folding-reformer\/","name":"FOLDING REFORMER - Pure Pilates Studio","isPartOf":{"@id":"https:\/\/purepilatesstudio.com.pl\/#website"},"primaryImageOfPage":{"@id":"https:\/\/purepilatesstudio.com.pl\/index.php\/produkt\/folding-reformer\/#primaryimage"},"image":{"@id":"https:\/\/purepilatesstudio.com.pl\/index.php\/produkt\/folding-reformer\/#primaryimage"},"thumbnailUrl":"https:\/\/purepilatesstudio.com.pl\/wp-content\/uploads\/2025\/06\/FOLDING-REFORMER.png","datePublished":"2025-06-25T22:23:50+00:00","dateModified":"2025-06-29T19:50:10+00:00","description":"Folding Reformer zapewnia p\u0142ynny ruch oraz doskona\u0142e mo\u017cliwo\u015bci regulacji. Dzi\u0119ki swojej sk\u0142adanej konstrukcji pozwala tak\u017ce zaoszcz\u0119dzi\u0107 miejsce.","breadcrumb":{"@id":"https:\/\/purepilatesstudio.com.pl\/index.php\/produkt\/folding-reformer\/#breadcrumb"},"inLanguage":"pl-PL","potentialAction":[{"@type":"ReadAction","target":["https:\/\/purepilatesstudio.com.pl\/index.php\/produkt\/folding-reformer\/"]}]},{"@type":"ImageObject","inLanguage":"pl-PL","@id":"https:\/\/purepilatesstudio.com.pl\/index.php\/produkt\/folding-reformer\/#primaryimage","url":"https:\/\/purepilatesstudio.com.pl\/wp-content\/uploads\/2025\/06\/FOLDING-REFORMER.png","contentUrl":"https:\/\/purepilatesstudio.com.pl\/wp-content\/uploads\/2025\/06\/FOLDING-REFORMER.png","width":1457,"height":976},{"@type":"BreadcrumbList","@id":"https:\/\/purepilatesstudio.com.pl\/index.php\/produkt\/folding-reformer\/#breadcrumb","itemListElement":[{"@type":"ListItem","position":1,"name":"Home","item":"https:\/\/purepilatesstudio.com.pl\/"},{"@type":"ListItem","position":2,"name":"Sprz\u0119t","item":"https:\/\/purepilatesstudio.com.pl\/index.php\/sprzet\/"},{"@type":"ListItem","position":3,"name":"FOLDING REFORMER"}]},{"@type":"WebSite","@id":"https:\/\/purepilatesstudio.com.pl\/#website","url":"https:\/\/purepilatesstudio.com.pl\/","name":"Pure Pilates Studio","description":"","publisher":{"@id":"https:\/\/purepilatesstudio.com.pl\/#organization"},"potentialAction":[{"@type":"SearchAction","target":{"@type":"EntryPoint","urlTemplate":"https:\/\/purepilatesstudio.com.pl\/?s={search_term_string}"},"query-input":{"@type":"PropertyValueSpecification","valueRequired":true,"valueName":"search_term_string"}}],"inLanguage":"pl-PL"},{"@type":"Organization","@id":"https:\/\/purepilatesstudio.com.pl\/#organization","name":"Pure Pilates Studio","url":"https:\/\/purepilatesstudio.com.pl\/","logo":{"@type":"ImageObject","inLanguage":"pl-PL","@id":"https:\/\/purepilatesstudio.com.pl\/#\/schema\/logo\/image\/","url":"https:\/\/purepilatesstudio.com.pl\/wp-content\/uploads\/2026\/02\/Pure-Pilates-Studio-2-e1750674500360.png","contentUrl":"https:\/\/purepilatesstudio.com.pl\/wp-content\/uploads\/2026\/02\/Pure-Pilates-Studio-2-e1750674500360.png","width":1138,"height":790,"caption":"Pure Pilates Studio"},"image":{"@id":"https:\/\/purepilatesstudio.com.pl\/#\/schema\/logo\/image\/"}}]},"product_price_amount":"0.00","product_price_currency":"PLN","og_availability":"instock","product_availability":"instock","product_condition":"new"},"_links":{"self":[{"href":"https:\/\/purepilatesstudio.com.pl\/index.php\/wp-json\/wp\/v2\/product\/380","targetHints":{"allow":["GET"]}}],"collection":[{"href":"https:\/\/purepilatesstudio.com.pl\/index.php\/wp-json\/wp\/v2\/product"}],"about":[{"href":"https:\/\/purepilatesstudio.com.pl\/index.php\/wp-json\/wp\/v2\/types\/product"}],"replies":[{"embeddable":true,"href":"https:\/\/purepilatesstudio.com.pl\/index.php\/wp-json\/wp\/v2\/comments?post=380"}],"wp:featuredmedia":[{"embeddable":true,"href":"https:\/\/purepilatesstudio.com.pl\/index.php\/wp-json\/wp\/v2\/media\/381"}],"wp:attachment":[{"href":"https:\/\/purepilatesstudio.com.pl\/index.php\/wp-json\/wp\/v2\/media?parent=380"}],"wp:term":[{"taxonomy":"product_brand","embeddable":true,"href":"https:\/\/purepilatesstudio.com.pl\/index.php\/wp-json\/wp\/v2\/product_brand?post=380"},{"taxonomy":"product_cat","embeddable":true,"href":"https:\/\/purepilatesstudio.com.pl\/index.php\/wp-json\/wp\/v2\/product_cat?post=380"},{"taxonomy":"product_tag","embeddable":true,"href":"https:\/\/purepilatesstudio.com.pl\/index.php\/wp-json\/wp\/v2\/product_tag?post=380"}],"curies":[{"name":"wp","href":"https:\/\/api.w.org\/{rel}","templated":true}]}}