{"id":373,"date":"2025-06-26T00:06:57","date_gmt":"2025-06-25T22:06:57","guid":{"rendered":"https:\/\/purepilatesstudio.com.pl\/?post_type=product&#038;p=373"},"modified":"2025-06-29T21:50:33","modified_gmt":"2025-06-29T19:50:33","slug":"metal-combo-cadillac-reformer","status":"publish","type":"product","link":"https:\/\/purepilatesstudio.com.pl\/index.php\/produkt\/metal-combo-cadillac-reformer\/","title":{"rendered":"METAL COMBO CADILLAC REFORMER"},"content":{"rendered":"<h2 data-start=\"46\" data-end=\"231\"><strong data-start=\"46\" data-end=\"66\">PERFEKCYJNY RUCH<\/strong><\/h2>\n<p data-start=\"46\" data-end=\"231\">Metal Combo Cadillac Reformer zapewnia p\u0142ynny ruch oraz doskona\u0142e mo\u017cliwo\u015bci regulacji. Dzi\u0119ki swojej specjalnej konstrukcji pozwala r\u00f3wnie\u017c zaoszcz\u0119dzi\u0107 miejsce.<\/p>\n<h2 data-start=\"233\" data-end=\"1056\"><strong data-start=\"233\" data-end=\"266\">NIEOGRANICZONE OPCJE USTAWIE\u0143<\/strong><\/h2>\n<p data-start=\"233\" data-end=\"1056\">Rozszerzone opcje przek\u0142adni umo\u017cliwiaj\u0105 wyj\u0105tkowo precyzyjn\u0105 kontrol\u0119 k\u0105ta b\u0119bna oraz dok\u0142adne dostosowanie oporu spr\u0119\u017cyn do indywidualnych potrzeb.<br data-start=\"418\" data-end=\"421\" \/>8 specjalnie wykonanych k\u00f3\u0142ek i \u0142o\u017cysk w w\u00f3zku gwarantuje cich\u0105 i komfortow\u0105 prac\u0119.<br data-start=\"504\" data-end=\"507\" \/>Trwa\u0142e i wysokiej jako\u015bci prowadnice.<br data-start=\"544\" data-end=\"547\" data-is-only-node=\"\" \/>D\u0142ugi, szeroki materac oraz przesuwany materac pokryty piank\u0105 ortopedyczn\u0105 o tej samej szeroko\u015bci.<br data-start=\"645\" data-end=\"648\" \/>Wyj\u0105tkowa precyzja w regulacji \u0142uk\u00f3w. Spr\u0119\u017cyny wykonane s\u0105 ze specjalnie zwijanej stali, a ka\u017cdy kolor odpowiada innej sile oporu.<br data-start=\"778\" data-end=\"781\" \/>W w\u00f3zku znajduje si\u0119 5 spr\u0119\u017cyn.<br data-start=\"812\" data-end=\"815\" \/>Regulowane rolki.<br data-start=\"832\" data-end=\"835\" \/>Regulowany pa\u0142\u0105k, poduszki na ramiona i dr\u0105\u017cek na stopy.<br data-start=\"891\" data-end=\"894\" \/>3 r\u00f3\u017cne ustawienia przek\u0142adni dla ka\u017cdej spr\u0119\u017cyny.<br data-start=\"944\" data-end=\"947\" \/>Do zestawu akcesori\u00f3w nale\u017c\u0105 pude\u0142ko (Box) oraz odskocznia (Springboard), b\u0119d\u0105ce cz\u0119\u015bci\u0105 pe\u0142nego wyposa\u017cenia.<\/p>\n","protected":false},"excerpt":{"rendered":"<p>Metal Combo Cadillac Reformer zapewnia p\u0142ynny ruch oraz doskona\u0142e mo\u017cliwo\u015bci regulacji. Dzi\u0119ki swojej specjalnej konstrukcji pozwala r\u00f3wnie\u017c zaoszcz\u0119dzi\u0107 miejsce.<\/p>\n","protected":false},"featured_media":374,"comment_status":"closed","ping_status":"closed","template":"","meta":{"site-sidebar-layout":"default","site-content-layout":"","ast-site-content-layout":"default","site-content-style":"default","site-sidebar-style":"default","ast-global-header-display":"","ast-banner-title-visibility":"","ast-main-header-display":"","ast-hfb-above-header-display":"","ast-hfb-below-header-display":"","ast-hfb-mobile-header-display":"","site-post-title":"","ast-breadcrumbs-content":"","ast-featured-img":"","footer-sml-layout":"","theme-transparent-header-meta":"default","adv-header-id-meta":"","stick-header-meta":"","header-above-stick-meta":"","header-main-stick-meta":"","header-below-stick-meta":"","astra-migrate-meta-layouts":"set","ast-page-background-enabled":"default","ast-page-background-meta":{"desktop":{"background-color":"var(--ast-global-color-5)","background-image":"","background-repeat":"repeat","background-position":"center center","background-size":"auto","background-attachment":"scroll","background-type":"","background-media":"","overlay-type":"","overlay-color":"","overlay-opacity":"","overlay-gradient":""},"tablet":{"background-color":"","background-image":"","background-repeat":"repeat","background-position":"center center","background-size":"auto","background-attachment":"scroll","background-type":"","background-media":"","overlay-type":"","overlay-color":"","overlay-opacity":"","overlay-gradient":""},"mobile":{"background-color":"","background-image":"","background-repeat":"repeat","background-position":"center center","background-size":"auto","background-attachment":"scroll","background-type":"","background-media":"","overlay-type":"","overlay-color":"","overlay-opacity":"","overlay-gradient":""}},"ast-content-background-meta":{"desktop":{"background-color":"var(--ast-global-color-4)","background-image":"","background-repeat":"repeat","background-position":"center center","background-size":"auto","background-attachment":"scroll","background-type":"","background-media":"","overlay-type":"","overlay-color":"","overlay-opacity":"","overlay-gradient":""},"tablet":{"background-color":"var(--ast-global-color-4)","background-image":"","background-repeat":"repeat","background-position":"center center","background-size":"auto","background-attachment":"scroll","background-type":"","background-media":"","overlay-type":"","overlay-color":"","overlay-opacity":"","overlay-gradient":""},"mobile":{"background-color":"var(--ast-global-color-4)","background-image":"","background-repeat":"repeat","background-position":"center center","background-size":"auto","background-attachment":"scroll","background-type":"","background-media":"","overlay-type":"","overlay-color":"","overlay-opacity":"","overlay-gradient":""}}},"product_brand":[],"product_cat":[21,31],"product_tag":[],"class_list":{"0":"post-373","1":"product","2":"type-product","3":"status-publish","4":"has-post-thumbnail","6":"product_cat-reformer-cadillac","7":"product_cat-seria-metal","8":"desktop-align-left","9":"tablet-align-left","10":"mobile-align-left","12":"first","13":"instock","14":"shipping-taxable","15":"product-type-simple"},"yoast_head":"<!-- This site is optimized with the Yoast SEO Premium plugin v26.9 (Yoast SEO v26.9) - https:\/\/yoast.com\/product\/yoast-seo-premium-wordpress\/ -->\n<title>METAL COMBO CADILLAC REFORMER - Pure Pilates Studio<\/title>\n<meta name=\"description\" content=\"Metal Combo Cadillac Reformer zapewnia p\u0142ynny ruch oraz doskona\u0142e mo\u017cliwo\u015bci regulacji. Dzi\u0119ki swojej specjalnej konstrukcji pozwala r\u00f3wnie\u017c zaoszcz\u0119dzi\u0107 miejsce.\" \/>\n<meta name=\"robots\" content=\"index, follow, max-snippet:-1, max-image-preview:large, max-video-preview:-1\" \/>\n<link rel=\"canonical\" href=\"https:\/\/purepilatesstudio.com.pl\/index.php\/produkt\/metal-combo-cadillac-reformer\/\" \/>\n<meta property=\"og:locale\" content=\"pl_PL\" \/>\n<meta property=\"og:type\" content=\"article\" \/>\n<meta property=\"og:title\" content=\"METAL COMBO CADILLAC REFORMER\" \/>\n<meta property=\"og:description\" content=\"Metal Combo Cadillac Reformer zapewnia p\u0142ynny ruch oraz doskona\u0142e mo\u017cliwo\u015bci regulacji. Dzi\u0119ki swojej specjalnej konstrukcji pozwala r\u00f3wnie\u017c zaoszcz\u0119dzi\u0107 miejsce.\" \/>\n<meta property=\"og:url\" content=\"https:\/\/purepilatesstudio.com.pl\/index.php\/produkt\/metal-combo-cadillac-reformer\/\" \/>\n<meta property=\"og:site_name\" content=\"Pure Pilates Studio\" \/>\n<meta property=\"article:modified_time\" content=\"2025-06-29T19:50:33+00:00\" \/>\n<meta property=\"og:image\" content=\"https:\/\/purepilatesstudio.com.pl\/wp-content\/uploads\/2025\/06\/METAL-CADILLAC-REFORMER.png\" \/>\n\t<meta property=\"og:image:width\" content=\"1448\" \/>\n\t<meta property=\"og:image:height\" content=\"969\" \/>\n\t<meta property=\"og:image:type\" content=\"image\/png\" \/>\n<meta name=\"twitter:card\" content=\"summary_large_image\" \/>\n<meta name=\"twitter:label1\" content=\"Cena\" \/>\n\t<meta name=\"twitter:data1\" content=\"\" \/>\n\t<meta name=\"twitter:label2\" content=\"Dost\u0119pno\u015b\u0107\" \/>\n\t<meta name=\"twitter:data2\" content=\"Dost\u0119pny\" \/>\n<script type=\"application\/ld+json\" class=\"yoast-schema-graph\">{\"@context\":\"https:\/\/schema.org\",\"@graph\":[{\"@type\":\"WebPage\",\"@id\":\"https:\/\/purepilatesstudio.com.pl\/index.php\/produkt\/metal-combo-cadillac-reformer\/\",\"url\":\"https:\/\/purepilatesstudio.com.pl\/index.php\/produkt\/metal-combo-cadillac-reformer\/\",\"name\":\"METAL COMBO CADILLAC REFORMER - Pure Pilates Studio\",\"isPartOf\":{\"@id\":\"https:\/\/purepilatesstudio.com.pl\/#website\"},\"primaryImageOfPage\":{\"@id\":\"https:\/\/purepilatesstudio.com.pl\/index.php\/produkt\/metal-combo-cadillac-reformer\/#primaryimage\"},\"image\":{\"@id\":\"https:\/\/purepilatesstudio.com.pl\/index.php\/produkt\/metal-combo-cadillac-reformer\/#primaryimage\"},\"thumbnailUrl\":\"https:\/\/purepilatesstudio.com.pl\/wp-content\/uploads\/2025\/06\/METAL-CADILLAC-REFORMER.png\",\"datePublished\":\"2025-06-25T22:06:57+00:00\",\"dateModified\":\"2025-06-29T19:50:33+00:00\",\"description\":\"Metal Combo Cadillac Reformer zapewnia p\u0142ynny ruch oraz doskona\u0142e mo\u017cliwo\u015bci regulacji. Dzi\u0119ki swojej specjalnej konstrukcji pozwala r\u00f3wnie\u017c zaoszcz\u0119dzi\u0107 miejsce.\",\"breadcrumb\":{\"@id\":\"https:\/\/purepilatesstudio.com.pl\/index.php\/produkt\/metal-combo-cadillac-reformer\/#breadcrumb\"},\"inLanguage\":\"pl-PL\",\"potentialAction\":[{\"@type\":\"ReadAction\",\"target\":[\"https:\/\/purepilatesstudio.com.pl\/index.php\/produkt\/metal-combo-cadillac-reformer\/\"]}]},{\"@type\":\"ImageObject\",\"inLanguage\":\"pl-PL\",\"@id\":\"https:\/\/purepilatesstudio.com.pl\/index.php\/produkt\/metal-combo-cadillac-reformer\/#primaryimage\",\"url\":\"https:\/\/purepilatesstudio.com.pl\/wp-content\/uploads\/2025\/06\/METAL-CADILLAC-REFORMER.png\",\"contentUrl\":\"https:\/\/purepilatesstudio.com.pl\/wp-content\/uploads\/2025\/06\/METAL-CADILLAC-REFORMER.png\",\"width\":1448,\"height\":969},{\"@type\":\"BreadcrumbList\",\"@id\":\"https:\/\/purepilatesstudio.com.pl\/index.php\/produkt\/metal-combo-cadillac-reformer\/#breadcrumb\",\"itemListElement\":[{\"@type\":\"ListItem\",\"position\":1,\"name\":\"Home\",\"item\":\"https:\/\/purepilatesstudio.com.pl\/\"},{\"@type\":\"ListItem\",\"position\":2,\"name\":\"Sprz\u0119t\",\"item\":\"https:\/\/purepilatesstudio.com.pl\/index.php\/sprzet\/\"},{\"@type\":\"ListItem\",\"position\":3,\"name\":\"METAL COMBO CADILLAC REFORMER\"}]},{\"@type\":\"WebSite\",\"@id\":\"https:\/\/purepilatesstudio.com.pl\/#website\",\"url\":\"https:\/\/purepilatesstudio.com.pl\/\",\"name\":\"Pure Pilates Studio\",\"description\":\"\",\"publisher\":{\"@id\":\"https:\/\/purepilatesstudio.com.pl\/#organization\"},\"potentialAction\":[{\"@type\":\"SearchAction\",\"target\":{\"@type\":\"EntryPoint\",\"urlTemplate\":\"https:\/\/purepilatesstudio.com.pl\/?s={search_term_string}\"},\"query-input\":{\"@type\":\"PropertyValueSpecification\",\"valueRequired\":true,\"valueName\":\"search_term_string\"}}],\"inLanguage\":\"pl-PL\"},{\"@type\":\"Organization\",\"@id\":\"https:\/\/purepilatesstudio.com.pl\/#organization\",\"name\":\"Pure Pilates Studio\",\"url\":\"https:\/\/purepilatesstudio.com.pl\/\",\"logo\":{\"@type\":\"ImageObject\",\"inLanguage\":\"pl-PL\",\"@id\":\"https:\/\/purepilatesstudio.com.pl\/#\/schema\/logo\/image\/\",\"url\":\"https:\/\/purepilatesstudio.com.pl\/wp-content\/uploads\/2026\/02\/Pure-Pilates-Studio-2-e1750674500360.png\",\"contentUrl\":\"https:\/\/purepilatesstudio.com.pl\/wp-content\/uploads\/2026\/02\/Pure-Pilates-Studio-2-e1750674500360.png\",\"width\":1138,\"height\":790,\"caption\":\"Pure Pilates Studio\"},\"image\":{\"@id\":\"https:\/\/purepilatesstudio.com.pl\/#\/schema\/logo\/image\/\"}}]}<\/script>\n<meta property=\"product:price:amount\" content=\"0.00\" \/>\n<meta property=\"product:price:currency\" content=\"PLN\" \/>\n<meta property=\"og:availability\" content=\"instock\" \/>\n<meta property=\"product:availability\" content=\"instock\" \/>\n<meta property=\"product:condition\" content=\"new\" \/>\n<!-- \/ Yoast SEO Premium plugin. -->","yoast_head_json":{"title":"METAL COMBO CADILLAC REFORMER - Pure Pilates Studio","description":"Metal Combo Cadillac Reformer zapewnia p\u0142ynny ruch oraz doskona\u0142e mo\u017cliwo\u015bci regulacji. Dzi\u0119ki swojej specjalnej konstrukcji pozwala r\u00f3wnie\u017c zaoszcz\u0119dzi\u0107 miejsce.","robots":{"index":"index","follow":"follow","max-snippet":"max-snippet:-1","max-image-preview":"max-image-preview:large","max-video-preview":"max-video-preview:-1"},"canonical":"https:\/\/purepilatesstudio.com.pl\/index.php\/produkt\/metal-combo-cadillac-reformer\/","og_locale":"pl_PL","og_type":"article","og_title":"METAL COMBO CADILLAC REFORMER","og_description":"Metal Combo Cadillac Reformer zapewnia p\u0142ynny ruch oraz doskona\u0142e mo\u017cliwo\u015bci regulacji. Dzi\u0119ki swojej specjalnej konstrukcji pozwala r\u00f3wnie\u017c zaoszcz\u0119dzi\u0107 miejsce.","og_url":"https:\/\/purepilatesstudio.com.pl\/index.php\/produkt\/metal-combo-cadillac-reformer\/","og_site_name":"Pure Pilates Studio","article_modified_time":"2025-06-29T19:50:33+00:00","og_image":[{"width":1448,"height":969,"url":"https:\/\/purepilatesstudio.com.pl\/wp-content\/uploads\/2025\/06\/METAL-CADILLAC-REFORMER.png","type":"image\/png"}],"twitter_card":"summary_large_image","twitter_misc":{"Cena":"","Dost\u0119pno\u015b\u0107":"Dost\u0119pny"},"schema":{"@context":"https:\/\/schema.org","@graph":[{"@type":"WebPage","@id":"https:\/\/purepilatesstudio.com.pl\/index.php\/produkt\/metal-combo-cadillac-reformer\/","url":"https:\/\/purepilatesstudio.com.pl\/index.php\/produkt\/metal-combo-cadillac-reformer\/","name":"METAL COMBO CADILLAC REFORMER - Pure Pilates Studio","isPartOf":{"@id":"https:\/\/purepilatesstudio.com.pl\/#website"},"primaryImageOfPage":{"@id":"https:\/\/purepilatesstudio.com.pl\/index.php\/produkt\/metal-combo-cadillac-reformer\/#primaryimage"},"image":{"@id":"https:\/\/purepilatesstudio.com.pl\/index.php\/produkt\/metal-combo-cadillac-reformer\/#primaryimage"},"thumbnailUrl":"https:\/\/purepilatesstudio.com.pl\/wp-content\/uploads\/2025\/06\/METAL-CADILLAC-REFORMER.png","datePublished":"2025-06-25T22:06:57+00:00","dateModified":"2025-06-29T19:50:33+00:00","description":"Metal Combo Cadillac Reformer zapewnia p\u0142ynny ruch oraz doskona\u0142e mo\u017cliwo\u015bci regulacji. Dzi\u0119ki swojej specjalnej konstrukcji pozwala r\u00f3wnie\u017c zaoszcz\u0119dzi\u0107 miejsce.","breadcrumb":{"@id":"https:\/\/purepilatesstudio.com.pl\/index.php\/produkt\/metal-combo-cadillac-reformer\/#breadcrumb"},"inLanguage":"pl-PL","potentialAction":[{"@type":"ReadAction","target":["https:\/\/purepilatesstudio.com.pl\/index.php\/produkt\/metal-combo-cadillac-reformer\/"]}]},{"@type":"ImageObject","inLanguage":"pl-PL","@id":"https:\/\/purepilatesstudio.com.pl\/index.php\/produkt\/metal-combo-cadillac-reformer\/#primaryimage","url":"https:\/\/purepilatesstudio.com.pl\/wp-content\/uploads\/2025\/06\/METAL-CADILLAC-REFORMER.png","contentUrl":"https:\/\/purepilatesstudio.com.pl\/wp-content\/uploads\/2025\/06\/METAL-CADILLAC-REFORMER.png","width":1448,"height":969},{"@type":"BreadcrumbList","@id":"https:\/\/purepilatesstudio.com.pl\/index.php\/produkt\/metal-combo-cadillac-reformer\/#breadcrumb","itemListElement":[{"@type":"ListItem","position":1,"name":"Home","item":"https:\/\/purepilatesstudio.com.pl\/"},{"@type":"ListItem","position":2,"name":"Sprz\u0119t","item":"https:\/\/purepilatesstudio.com.pl\/index.php\/sprzet\/"},{"@type":"ListItem","position":3,"name":"METAL COMBO CADILLAC REFORMER"}]},{"@type":"WebSite","@id":"https:\/\/purepilatesstudio.com.pl\/#website","url":"https:\/\/purepilatesstudio.com.pl\/","name":"Pure Pilates Studio","description":"","publisher":{"@id":"https:\/\/purepilatesstudio.com.pl\/#organization"},"potentialAction":[{"@type":"SearchAction","target":{"@type":"EntryPoint","urlTemplate":"https:\/\/purepilatesstudio.com.pl\/?s={search_term_string}"},"query-input":{"@type":"PropertyValueSpecification","valueRequired":true,"valueName":"search_term_string"}}],"inLanguage":"pl-PL"},{"@type":"Organization","@id":"https:\/\/purepilatesstudio.com.pl\/#organization","name":"Pure Pilates Studio","url":"https:\/\/purepilatesstudio.com.pl\/","logo":{"@type":"ImageObject","inLanguage":"pl-PL","@id":"https:\/\/purepilatesstudio.com.pl\/#\/schema\/logo\/image\/","url":"https:\/\/purepilatesstudio.com.pl\/wp-content\/uploads\/2026\/02\/Pure-Pilates-Studio-2-e1750674500360.png","contentUrl":"https:\/\/purepilatesstudio.com.pl\/wp-content\/uploads\/2026\/02\/Pure-Pilates-Studio-2-e1750674500360.png","width":1138,"height":790,"caption":"Pure Pilates Studio"},"image":{"@id":"https:\/\/purepilatesstudio.com.pl\/#\/schema\/logo\/image\/"}}]},"product_price_amount":"0.00","product_price_currency":"PLN","og_availability":"instock","product_availability":"instock","product_condition":"new"},"_links":{"self":[{"href":"https:\/\/purepilatesstudio.com.pl\/index.php\/wp-json\/wp\/v2\/product\/373","targetHints":{"allow":["GET"]}}],"collection":[{"href":"https:\/\/purepilatesstudio.com.pl\/index.php\/wp-json\/wp\/v2\/product"}],"about":[{"href":"https:\/\/purepilatesstudio.com.pl\/index.php\/wp-json\/wp\/v2\/types\/product"}],"replies":[{"embeddable":true,"href":"https:\/\/purepilatesstudio.com.pl\/index.php\/wp-json\/wp\/v2\/comments?post=373"}],"wp:featuredmedia":[{"embeddable":true,"href":"https:\/\/purepilatesstudio.com.pl\/index.php\/wp-json\/wp\/v2\/media\/374"}],"wp:attachment":[{"href":"https:\/\/purepilatesstudio.com.pl\/index.php\/wp-json\/wp\/v2\/media?parent=373"}],"wp:term":[{"taxonomy":"product_brand","embeddable":true,"href":"https:\/\/purepilatesstudio.com.pl\/index.php\/wp-json\/wp\/v2\/product_brand?post=373"},{"taxonomy":"product_cat","embeddable":true,"href":"https:\/\/purepilatesstudio.com.pl\/index.php\/wp-json\/wp\/v2\/product_cat?post=373"},{"taxonomy":"product_tag","embeddable":true,"href":"https:\/\/purepilatesstudio.com.pl\/index.php\/wp-json\/wp\/v2\/product_tag?post=373"}],"curies":[{"name":"wp","href":"https:\/\/api.w.org\/{rel}","templated":true}]}}