{"id":327,"date":"2025-06-25T00:39:11","date_gmt":"2025-06-24T22:39:11","guid":{"rendered":"https:\/\/purepilatesstudio.com.pl\/?post_type=product&#038;p=327"},"modified":"2025-06-29T21:50:56","modified_gmt":"2025-06-29T19:50:56","slug":"home-combo-cadillac-reformer","status":"publish","type":"product","link":"https:\/\/purepilatesstudio.com.pl\/index.php\/produkt\/home-combo-cadillac-reformer\/","title":{"rendered":"HOME COMBO CADILLAC REFORMER"},"content":{"rendered":"<h2 data-start=\"46\" data-end=\"221\"><strong data-start=\"46\" data-end=\"66\">PERFEKCYJNY RUCH<\/strong><\/h2>\n<p data-start=\"46\" data-end=\"221\"><br data-start=\"66\" data-end=\"69\" \/>Home Combo Cadillac zapewnia p\u0142ynny ruch oraz doskona\u0142e mo\u017cliwo\u015bci regulacji. Dzi\u0119ki swojej specjalnej konstrukcji pozwala r\u00f3wnie\u017c zaoszcz\u0119dzi\u0107 miejsce.<\/p>\n<h2 data-start=\"223\" data-end=\"799\"><strong data-start=\"223\" data-end=\"256\">NIEOGRANICZONE OPCJE USTAWIE\u0143<\/strong><\/h2>\n<p data-start=\"223\" data-end=\"799\"><br data-start=\"256\" data-end=\"259\" \/>Rozszerzone opcje przek\u0142adni umo\u017cliwiaj\u0105 wyj\u0105tkowo precyzyjn\u0105 kontrol\u0119 k\u0105ta b\u0119bna oraz dok\u0142adn\u0105 regulacj\u0119 oporu spr\u0119\u017cyn \u2013 zgodnie z indywidualnymi potrzebami.<br data-start=\"417\" data-end=\"420\" \/>Reformer nadaje si\u0119 r\u00f3wnie\u017c do \u0107wicze\u0144 na macie.<br data-start=\"468\" data-end=\"471\" \/>W w\u00f3zku znajduje si\u0119 5 spr\u0119\u017cyn.<br data-start=\"502\" data-end=\"505\" \/>Regulowany pa\u0142\u0105k, poduszki na ramiona i dr\u0105\u017cek na stopy.<br data-start=\"561\" data-end=\"564\" \/>3 r\u00f3\u017cne ustawienia przek\u0142adni dla ka\u017cdej spr\u0119\u017cyny.<br data-start=\"614\" data-end=\"617\" \/>Do zestawu akcesori\u00f3w nale\u017c\u0105 pude\u0142ko (Box) oraz odskocznia (Springboard), kt\u00f3re s\u0105 cz\u0119\u015bci\u0105 kompletnego wyposa\u017cenia.<br data-start=\"732\" data-end=\"735\" \/>Zastosowane klamry s\u0105 wysokiej jako\u015bci i wykonane na zam\u00f3wienie.<\/p>\n<h2 data-start=\"801\" data-end=\"1697\"><strong data-start=\"801\" data-end=\"831\">WYSOKIEJ JAKO\u015aCI MATERIA\u0141Y<\/strong><\/h2>\n<p>&nbsp;<\/p>\n<p data-start=\"801\" data-end=\"1697\">Lite drewno u\u017cyte do budowy konstrukcji zosta\u0142o wyci\u0119te przy u\u017cyciu technologii CNC, co zapewnia solidno\u015b\u0107 i estetyk\u0119.<br data-start=\"952\" data-end=\"955\" \/>Wszystkie elementy \u2013 od najmniejszych detali po stalowe \u015bruby k\u00f3\u0142 znajduj\u0105cych si\u0119 pod w\u00f3zkiem \u2013 zosta\u0142y zaprojektowane i wykonane w wyniku szczeg\u00f3\u0142owych bada\u0144 i prac rozwojowych (R&amp;D).<br data-start=\"1140\" data-end=\"1143\" \/>Do konstrukcji korpusu wykorzystano p\u0142yt\u0119 MDF o grubo\u015bci 30 mm.<br data-start=\"1206\" data-end=\"1209\" \/>Zamiast metalowych \u015brub zastosowano drewniane kliny, by nie naruszy\u0107 w\u0142a\u015bciwo\u015bci drewna. Drewniane akcesoria wykonane s\u0105 z drewna grabowego.<br data-start=\"1349\" data-end=\"1352\" \/>Rury no\u015bne wykonane s\u0105 w 100% z chromowanego materia\u0142u o grubo\u015bci 2 mm, co zapewnia du\u017c\u0105 wytrzyma\u0142o\u015b\u0107 i odporno\u015b\u0107 na obci\u0105\u017cenia.<br data-start=\"1480\" data-end=\"1483\" \/>Elementy blokuj\u0105ce i \u0142\u0105cz\u0105ce s\u0105 specjalnymi odlewami.<br data-start=\"1536\" data-end=\"1539\" \/>G\u0105bki uchwyt\u00f3w nie \u015blizgaj\u0105 si\u0119 i nie powoduj\u0105 pocenia d\u0142oni. Klamry stosowane przy uchwytach i pozosta\u0142ych materia\u0142ach s\u0105 wysokiej jako\u015bci i starannie szyte.<\/p>\n","protected":false},"excerpt":{"rendered":"<p>PERFEKCYJNY RUCH Home Combo Cadillac zapewnia p\u0142ynny ruch oraz doskona\u0142e mo\u017cliwo\u015bci regulacji. Dzi\u0119ki swojej specjalnej konstrukcji pozwala r\u00f3wnie\u017c zaoszcz\u0119dzi\u0107 miejsce. [&hellip;]<\/p>\n","protected":false},"featured_media":328,"comment_status":"closed","ping_status":"closed","template":"","meta":{"site-sidebar-layout":"default","site-content-layout":"","ast-site-content-layout":"default","site-content-style":"default","site-sidebar-style":"default","ast-global-header-display":"","ast-banner-title-visibility":"","ast-main-header-display":"","ast-hfb-above-header-display":"","ast-hfb-below-header-display":"","ast-hfb-mobile-header-display":"","site-post-title":"","ast-breadcrumbs-content":"","ast-featured-img":"","footer-sml-layout":"","theme-transparent-header-meta":"default","adv-header-id-meta":"","stick-header-meta":"","header-above-stick-meta":"","header-main-stick-meta":"","header-below-stick-meta":"","astra-migrate-meta-layouts":"set","ast-page-background-enabled":"default","ast-page-background-meta":{"desktop":{"background-color":"var(--ast-global-color-5)","background-image":"","background-repeat":"repeat","background-position":"center center","background-size":"auto","background-attachment":"scroll","background-type":"","background-media":"","overlay-type":"","overlay-color":"","overlay-opacity":"","overlay-gradient":""},"tablet":{"background-color":"","background-image":"","background-repeat":"repeat","background-position":"center center","background-size":"auto","background-attachment":"scroll","background-type":"","background-media":"","overlay-type":"","overlay-color":"","overlay-opacity":"","overlay-gradient":""},"mobile":{"background-color":"","background-image":"","background-repeat":"repeat","background-position":"center center","background-size":"auto","background-attachment":"scroll","background-type":"","background-media":"","overlay-type":"","overlay-color":"","overlay-opacity":"","overlay-gradient":""}},"ast-content-background-meta":{"desktop":{"background-color":"var(--ast-global-color-4)","background-image":"","background-repeat":"repeat","background-position":"center center","background-size":"auto","background-attachment":"scroll","background-type":"","background-media":"","overlay-type":"","overlay-color":"","overlay-opacity":"","overlay-gradient":""},"tablet":{"background-color":"var(--ast-global-color-4)","background-image":"","background-repeat":"repeat","background-position":"center center","background-size":"auto","background-attachment":"scroll","background-type":"","background-media":"","overlay-type":"","overlay-color":"","overlay-opacity":"","overlay-gradient":""},"mobile":{"background-color":"var(--ast-global-color-4)","background-image":"","background-repeat":"repeat","background-position":"center center","background-size":"auto","background-attachment":"scroll","background-type":"","background-media":"","overlay-type":"","overlay-color":"","overlay-opacity":"","overlay-gradient":""}}},"product_brand":[],"product_cat":[21,27],"product_tag":[],"class_list":{"0":"post-327","1":"product","2":"type-product","3":"status-publish","4":"has-post-thumbnail","6":"product_cat-reformer-cadillac","7":"product_cat-seria-platinium","8":"desktop-align-left","9":"tablet-align-left","10":"mobile-align-left","12":"first","13":"instock","14":"shipping-taxable","15":"product-type-simple"},"yoast_head":"<!-- This site is optimized with the Yoast SEO Premium plugin v26.9 (Yoast SEO v26.9) - https:\/\/yoast.com\/product\/yoast-seo-premium-wordpress\/ -->\n<title>HOME COMBO CADILLAC REFORMER - Pure Pilates Studio<\/title>\n<meta name=\"robots\" content=\"index, follow, max-snippet:-1, max-image-preview:large, max-video-preview:-1\" \/>\n<link rel=\"canonical\" href=\"https:\/\/purepilatesstudio.com.pl\/index.php\/produkt\/home-combo-cadillac-reformer\/\" \/>\n<meta property=\"og:locale\" content=\"pl_PL\" \/>\n<meta property=\"og:type\" content=\"article\" \/>\n<meta property=\"og:title\" content=\"HOME COMBO CADILLAC REFORMER\" \/>\n<meta property=\"og:description\" content=\"PERFEKCYJNY RUCH Home Combo Cadillac zapewnia p\u0142ynny ruch oraz doskona\u0142e mo\u017cliwo\u015bci regulacji. Dzi\u0119ki swojej specjalnej konstrukcji pozwala r\u00f3wnie\u017c zaoszcz\u0119dzi\u0107 miejsce. [&hellip;]\" \/>\n<meta property=\"og:url\" content=\"https:\/\/purepilatesstudio.com.pl\/index.php\/produkt\/home-combo-cadillac-reformer\/\" \/>\n<meta property=\"og:site_name\" content=\"Pure Pilates Studio\" \/>\n<meta property=\"article:modified_time\" content=\"2025-06-29T19:50:56+00:00\" \/>\n<meta property=\"og:image\" content=\"https:\/\/purepilatesstudio.com.pl\/wp-content\/uploads\/2025\/06\/HOME-COMBO-CADILLAC-REFOrMER.png\" \/>\n\t<meta property=\"og:image:width\" content=\"1455\" \/>\n\t<meta property=\"og:image:height\" content=\"1063\" \/>\n\t<meta property=\"og:image:type\" content=\"image\/png\" \/>\n<meta name=\"twitter:card\" content=\"summary_large_image\" \/>\n<meta name=\"twitter:label1\" content=\"Cena\" \/>\n\t<meta name=\"twitter:data1\" content=\"\" \/>\n\t<meta name=\"twitter:label2\" content=\"Dost\u0119pno\u015b\u0107\" \/>\n\t<meta name=\"twitter:data2\" content=\"Dost\u0119pny\" \/>\n<script type=\"application\/ld+json\" class=\"yoast-schema-graph\">{\"@context\":\"https:\/\/schema.org\",\"@graph\":[{\"@type\":\"WebPage\",\"@id\":\"https:\/\/purepilatesstudio.com.pl\/index.php\/produkt\/home-combo-cadillac-reformer\/\",\"url\":\"https:\/\/purepilatesstudio.com.pl\/index.php\/produkt\/home-combo-cadillac-reformer\/\",\"name\":\"HOME COMBO CADILLAC REFORMER - Pure Pilates Studio\",\"isPartOf\":{\"@id\":\"https:\/\/purepilatesstudio.com.pl\/#website\"},\"primaryImageOfPage\":{\"@id\":\"https:\/\/purepilatesstudio.com.pl\/index.php\/produkt\/home-combo-cadillac-reformer\/#primaryimage\"},\"image\":{\"@id\":\"https:\/\/purepilatesstudio.com.pl\/index.php\/produkt\/home-combo-cadillac-reformer\/#primaryimage\"},\"thumbnailUrl\":\"https:\/\/purepilatesstudio.com.pl\/wp-content\/uploads\/2025\/06\/HOME-COMBO-CADILLAC-REFOrMER.png\",\"datePublished\":\"2025-06-24T22:39:11+00:00\",\"dateModified\":\"2025-06-29T19:50:56+00:00\",\"breadcrumb\":{\"@id\":\"https:\/\/purepilatesstudio.com.pl\/index.php\/produkt\/home-combo-cadillac-reformer\/#breadcrumb\"},\"inLanguage\":\"pl-PL\",\"potentialAction\":[{\"@type\":\"ReadAction\",\"target\":[\"https:\/\/purepilatesstudio.com.pl\/index.php\/produkt\/home-combo-cadillac-reformer\/\"]}]},{\"@type\":\"ImageObject\",\"inLanguage\":\"pl-PL\",\"@id\":\"https:\/\/purepilatesstudio.com.pl\/index.php\/produkt\/home-combo-cadillac-reformer\/#primaryimage\",\"url\":\"https:\/\/purepilatesstudio.com.pl\/wp-content\/uploads\/2025\/06\/HOME-COMBO-CADILLAC-REFOrMER.png\",\"contentUrl\":\"https:\/\/purepilatesstudio.com.pl\/wp-content\/uploads\/2025\/06\/HOME-COMBO-CADILLAC-REFOrMER.png\",\"width\":1455,\"height\":1063},{\"@type\":\"BreadcrumbList\",\"@id\":\"https:\/\/purepilatesstudio.com.pl\/index.php\/produkt\/home-combo-cadillac-reformer\/#breadcrumb\",\"itemListElement\":[{\"@type\":\"ListItem\",\"position\":1,\"name\":\"Home\",\"item\":\"https:\/\/purepilatesstudio.com.pl\/\"},{\"@type\":\"ListItem\",\"position\":2,\"name\":\"Sprz\u0119t\",\"item\":\"https:\/\/purepilatesstudio.com.pl\/index.php\/sprzet\/\"},{\"@type\":\"ListItem\",\"position\":3,\"name\":\"HOME COMBO CADILLAC REFORMER\"}]},{\"@type\":\"WebSite\",\"@id\":\"https:\/\/purepilatesstudio.com.pl\/#website\",\"url\":\"https:\/\/purepilatesstudio.com.pl\/\",\"name\":\"Pure Pilates Studio\",\"description\":\"\",\"publisher\":{\"@id\":\"https:\/\/purepilatesstudio.com.pl\/#organization\"},\"potentialAction\":[{\"@type\":\"SearchAction\",\"target\":{\"@type\":\"EntryPoint\",\"urlTemplate\":\"https:\/\/purepilatesstudio.com.pl\/?s={search_term_string}\"},\"query-input\":{\"@type\":\"PropertyValueSpecification\",\"valueRequired\":true,\"valueName\":\"search_term_string\"}}],\"inLanguage\":\"pl-PL\"},{\"@type\":\"Organization\",\"@id\":\"https:\/\/purepilatesstudio.com.pl\/#organization\",\"name\":\"Pure Pilates Studio\",\"url\":\"https:\/\/purepilatesstudio.com.pl\/\",\"logo\":{\"@type\":\"ImageObject\",\"inLanguage\":\"pl-PL\",\"@id\":\"https:\/\/purepilatesstudio.com.pl\/#\/schema\/logo\/image\/\",\"url\":\"https:\/\/purepilatesstudio.com.pl\/wp-content\/uploads\/2026\/02\/Pure-Pilates-Studio-2-e1750674500360.png\",\"contentUrl\":\"https:\/\/purepilatesstudio.com.pl\/wp-content\/uploads\/2026\/02\/Pure-Pilates-Studio-2-e1750674500360.png\",\"width\":1138,\"height\":790,\"caption\":\"Pure Pilates Studio\"},\"image\":{\"@id\":\"https:\/\/purepilatesstudio.com.pl\/#\/schema\/logo\/image\/\"}}]}<\/script>\n<meta property=\"product:price:amount\" content=\"0.00\" \/>\n<meta property=\"product:price:currency\" content=\"PLN\" \/>\n<meta property=\"og:availability\" content=\"instock\" \/>\n<meta property=\"product:availability\" content=\"instock\" \/>\n<meta property=\"product:condition\" content=\"new\" \/>\n<!-- \/ Yoast SEO Premium plugin. -->","yoast_head_json":{"title":"HOME COMBO CADILLAC REFORMER - Pure Pilates Studio","robots":{"index":"index","follow":"follow","max-snippet":"max-snippet:-1","max-image-preview":"max-image-preview:large","max-video-preview":"max-video-preview:-1"},"canonical":"https:\/\/purepilatesstudio.com.pl\/index.php\/produkt\/home-combo-cadillac-reformer\/","og_locale":"pl_PL","og_type":"article","og_title":"HOME COMBO CADILLAC REFORMER","og_description":"PERFEKCYJNY RUCH Home Combo Cadillac zapewnia p\u0142ynny ruch oraz doskona\u0142e mo\u017cliwo\u015bci regulacji. Dzi\u0119ki swojej specjalnej konstrukcji pozwala r\u00f3wnie\u017c zaoszcz\u0119dzi\u0107 miejsce. [&hellip;]","og_url":"https:\/\/purepilatesstudio.com.pl\/index.php\/produkt\/home-combo-cadillac-reformer\/","og_site_name":"Pure Pilates Studio","article_modified_time":"2025-06-29T19:50:56+00:00","og_image":[{"width":1455,"height":1063,"url":"https:\/\/purepilatesstudio.com.pl\/wp-content\/uploads\/2025\/06\/HOME-COMBO-CADILLAC-REFOrMER.png","type":"image\/png"}],"twitter_card":"summary_large_image","twitter_misc":{"Cena":"","Dost\u0119pno\u015b\u0107":"Dost\u0119pny"},"schema":{"@context":"https:\/\/schema.org","@graph":[{"@type":"WebPage","@id":"https:\/\/purepilatesstudio.com.pl\/index.php\/produkt\/home-combo-cadillac-reformer\/","url":"https:\/\/purepilatesstudio.com.pl\/index.php\/produkt\/home-combo-cadillac-reformer\/","name":"HOME COMBO CADILLAC REFORMER - Pure Pilates Studio","isPartOf":{"@id":"https:\/\/purepilatesstudio.com.pl\/#website"},"primaryImageOfPage":{"@id":"https:\/\/purepilatesstudio.com.pl\/index.php\/produkt\/home-combo-cadillac-reformer\/#primaryimage"},"image":{"@id":"https:\/\/purepilatesstudio.com.pl\/index.php\/produkt\/home-combo-cadillac-reformer\/#primaryimage"},"thumbnailUrl":"https:\/\/purepilatesstudio.com.pl\/wp-content\/uploads\/2025\/06\/HOME-COMBO-CADILLAC-REFOrMER.png","datePublished":"2025-06-24T22:39:11+00:00","dateModified":"2025-06-29T19:50:56+00:00","breadcrumb":{"@id":"https:\/\/purepilatesstudio.com.pl\/index.php\/produkt\/home-combo-cadillac-reformer\/#breadcrumb"},"inLanguage":"pl-PL","potentialAction":[{"@type":"ReadAction","target":["https:\/\/purepilatesstudio.com.pl\/index.php\/produkt\/home-combo-cadillac-reformer\/"]}]},{"@type":"ImageObject","inLanguage":"pl-PL","@id":"https:\/\/purepilatesstudio.com.pl\/index.php\/produkt\/home-combo-cadillac-reformer\/#primaryimage","url":"https:\/\/purepilatesstudio.com.pl\/wp-content\/uploads\/2025\/06\/HOME-COMBO-CADILLAC-REFOrMER.png","contentUrl":"https:\/\/purepilatesstudio.com.pl\/wp-content\/uploads\/2025\/06\/HOME-COMBO-CADILLAC-REFOrMER.png","width":1455,"height":1063},{"@type":"BreadcrumbList","@id":"https:\/\/purepilatesstudio.com.pl\/index.php\/produkt\/home-combo-cadillac-reformer\/#breadcrumb","itemListElement":[{"@type":"ListItem","position":1,"name":"Home","item":"https:\/\/purepilatesstudio.com.pl\/"},{"@type":"ListItem","position":2,"name":"Sprz\u0119t","item":"https:\/\/purepilatesstudio.com.pl\/index.php\/sprzet\/"},{"@type":"ListItem","position":3,"name":"HOME COMBO CADILLAC REFORMER"}]},{"@type":"WebSite","@id":"https:\/\/purepilatesstudio.com.pl\/#website","url":"https:\/\/purepilatesstudio.com.pl\/","name":"Pure Pilates Studio","description":"","publisher":{"@id":"https:\/\/purepilatesstudio.com.pl\/#organization"},"potentialAction":[{"@type":"SearchAction","target":{"@type":"EntryPoint","urlTemplate":"https:\/\/purepilatesstudio.com.pl\/?s={search_term_string}"},"query-input":{"@type":"PropertyValueSpecification","valueRequired":true,"valueName":"search_term_string"}}],"inLanguage":"pl-PL"},{"@type":"Organization","@id":"https:\/\/purepilatesstudio.com.pl\/#organization","name":"Pure Pilates Studio","url":"https:\/\/purepilatesstudio.com.pl\/","logo":{"@type":"ImageObject","inLanguage":"pl-PL","@id":"https:\/\/purepilatesstudio.com.pl\/#\/schema\/logo\/image\/","url":"https:\/\/purepilatesstudio.com.pl\/wp-content\/uploads\/2026\/02\/Pure-Pilates-Studio-2-e1750674500360.png","contentUrl":"https:\/\/purepilatesstudio.com.pl\/wp-content\/uploads\/2026\/02\/Pure-Pilates-Studio-2-e1750674500360.png","width":1138,"height":790,"caption":"Pure Pilates Studio"},"image":{"@id":"https:\/\/purepilatesstudio.com.pl\/#\/schema\/logo\/image\/"}}]},"product_price_amount":"0.00","product_price_currency":"PLN","og_availability":"instock","product_availability":"instock","product_condition":"new"},"_links":{"self":[{"href":"https:\/\/purepilatesstudio.com.pl\/index.php\/wp-json\/wp\/v2\/product\/327","targetHints":{"allow":["GET"]}}],"collection":[{"href":"https:\/\/purepilatesstudio.com.pl\/index.php\/wp-json\/wp\/v2\/product"}],"about":[{"href":"https:\/\/purepilatesstudio.com.pl\/index.php\/wp-json\/wp\/v2\/types\/product"}],"replies":[{"embeddable":true,"href":"https:\/\/purepilatesstudio.com.pl\/index.php\/wp-json\/wp\/v2\/comments?post=327"}],"wp:featuredmedia":[{"embeddable":true,"href":"https:\/\/purepilatesstudio.com.pl\/index.php\/wp-json\/wp\/v2\/media\/328"}],"wp:attachment":[{"href":"https:\/\/purepilatesstudio.com.pl\/index.php\/wp-json\/wp\/v2\/media?parent=327"}],"wp:term":[{"taxonomy":"product_brand","embeddable":true,"href":"https:\/\/purepilatesstudio.com.pl\/index.php\/wp-json\/wp\/v2\/product_brand?post=327"},{"taxonomy":"product_cat","embeddable":true,"href":"https:\/\/purepilatesstudio.com.pl\/index.php\/wp-json\/wp\/v2\/product_cat?post=327"},{"taxonomy":"product_tag","embeddable":true,"href":"https:\/\/purepilatesstudio.com.pl\/index.php\/wp-json\/wp\/v2\/product_tag?post=327"}],"curies":[{"name":"wp","href":"https:\/\/api.w.org\/{rel}","templated":true}]}}