{"id":323,"date":"2025-06-25T00:27:28","date_gmt":"2025-06-24T22:27:28","guid":{"rendered":"https:\/\/purepilatesstudio.com.pl\/?post_type=product&#038;p=323"},"modified":"2025-06-30T20:28:02","modified_gmt":"2025-06-30T18:28:02","slug":"birch-tower-reformer","status":"publish","type":"product","link":"https:\/\/purepilatesstudio.com.pl\/index.php\/produkt\/birch-tower-reformer\/","title":{"rendered":"BIRCH &#8211; TOWER REFORMER"},"content":{"rendered":"<p data-start=\"48\" data-end=\"209\"><strong data-start=\"48\" data-end=\"68\">PERFEKCYJNY RUCH<\/strong><br data-start=\"68\" data-end=\"71\" \/>Tower Reformer zapewnia p\u0142ynny ruch oraz doskona\u0142e mo\u017cliwo\u015bci regulacji. Dzi\u0119ki specjalnej konstrukcji pozwala tak\u017ce zaoszcz\u0119dzi\u0107 miejsce.<\/p>\n<p><strong data-start=\"211\" data-end=\"244\">NIEOGRANICZONE OPCJE USTAWIE\u0143<\/strong><br data-start=\"244\" data-end=\"247\" \/>Rozszerzone opcje przek\u0142adni umo\u017cliwiaj\u0105 precyzyjn\u0105 kontrol\u0119 k\u0105ta b\u0119bna oraz dok\u0142adn\u0105 regulacj\u0119 oporu spr\u0119\u017cyn, zgodnie z indywidualnymi potrzebami.<br data-start=\"394\" data-end=\"397\" \/>Reformer umo\u017cliwia r\u00f3wnie\u017c wykonywanie \u0107wicze\u0144 na macie.<br data-start=\"453\" data-end=\"456\" \/>8 specjalnie zaprojektowanych k\u00f3\u0142ek i \u0142o\u017cysk w w\u00f3zku zapewnia cich\u0105 i komfortow\u0105 prac\u0119.<br data-start=\"543\" data-end=\"546\" \/>Trwa\u0142e i wysokiej jako\u015bci aluminiowe prowadnice.<br data-start=\"594\" data-end=\"597\" \/>D\u0142ugi, szeroki materac oraz przesuwany materac pokryty piank\u0105 ortopedyczn\u0105 o tej samej szeroko\u015bci.<br data-start=\"695\" data-end=\"698\" \/>W w\u00f3zku znajduje si\u0119 5 spr\u0119\u017cyn.<br data-start=\"729\" data-end=\"732\" \/>Regulowane rolki.<br data-start=\"749\" data-end=\"752\" \/>Regulowany pa\u0142\u0105k, poduszki na ramiona i dr\u0105\u017cek na stopy.<br data-start=\"808\" data-end=\"811\" \/>3 r\u00f3\u017cne ustawienia przek\u0142adni dla ka\u017cdej spr\u0119\u017cyny.<br data-start=\"861\" data-end=\"864\" \/>W zestawie znajduje si\u0119 pude\u0142ko (Box) oraz odskocznia (Springboard), kt\u00f3re s\u0105 cz\u0119\u015bci\u0105 szerokiego zestawu akcesori\u00f3w.<\/p>\n<p data-start=\"982\" data-end=\"1892\"><strong data-start=\"982\" data-end=\"1012\">WYSOKIEJ JAKO\u015aCI MATERIA\u0141Y<\/strong><br data-start=\"1012\" data-end=\"1015\" \/>Lite drewno u\u017cyte do konstrukcji zosta\u0142o wyci\u0119te z wykorzystaniem technologii CNC, co pozwoli\u0142o uzyska\u0107 solidny i estetyczny materia\u0142.<br data-start=\"1149\" data-end=\"1152\" \/>Wszystkie komponenty \u2013 od najmniejszych element\u00f3w po stalowe \u015bruby k\u00f3\u0142 w\u00f3zka \u2013 zosta\u0142y zaprojektowane i wykonane na podstawie szczeg\u00f3\u0142owych bada\u0144 i test\u00f3w R&amp;D.<br data-start=\"1311\" data-end=\"1314\" \/>Do budowy korpusu wykorzystano lite drewno bukowe o grubo\u015bci 30 mm.<br data-start=\"1381\" data-end=\"1384\" \/>Zamiast metalowych \u015brub u\u017cyto drewnianych klin\u00f3w, aby nie zak\u0142\u00f3ca\u0107 w\u0142a\u015bciwo\u015bci drewna. Drewniane akcesoria wykonane s\u0105 z drewna grabowego.<br data-start=\"1522\" data-end=\"1525\" \/>Rury no\u015bne wykonano w 100% z chromowanego materia\u0142u o grubo\u015bci 2 mm, co zapewnia trwa\u0142o\u015b\u0107 i mo\u017cliwo\u015b\u0107 przenoszenia du\u017cych obci\u0105\u017ce\u0144.<br data-start=\"1656\" data-end=\"1659\" \/>Elementy blokuj\u0105ce i \u0142\u0105cz\u0105ce s\u0105 wykonane w specjalnej technologii odlewu.<br data-start=\"1732\" data-end=\"1735\" \/>G\u0105bki uchwyt\u00f3w nie \u015blizgaj\u0105 si\u0119 ani nie powoduj\u0105 pocenia si\u0119 d\u0142oni. Klamry zastosowane w uchwytach i innych materia\u0142ach s\u0105 wysokiej jako\u015bci i szyte na miar\u0119.<\/p>\n","protected":false},"excerpt":{"rendered":"<p>PERFEKCYJNY RUCHTower Reformer zapewnia p\u0142ynny ruch oraz doskona\u0142e mo\u017cliwo\u015bci regulacji. Dzi\u0119ki specjalnej konstrukcji pozwala tak\u017ce zaoszcz\u0119dzi\u0107 miejsce. NIEOGRANICZONE OPCJE USTAWIE\u0143Rozszerzone [&hellip;]<\/p>\n","protected":false},"featured_media":324,"comment_status":"closed","ping_status":"closed","template":"","meta":{"site-sidebar-layout":"default","site-content-layout":"","ast-site-content-layout":"default","site-content-style":"default","site-sidebar-style":"default","ast-global-header-display":"","ast-banner-title-visibility":"","ast-main-header-display":"","ast-hfb-above-header-display":"","ast-hfb-below-header-display":"","ast-hfb-mobile-header-display":"","site-post-title":"","ast-breadcrumbs-content":"","ast-featured-img":"","footer-sml-layout":"","theme-transparent-header-meta":"default","adv-header-id-meta":"","stick-header-meta":"","header-above-stick-meta":"","header-main-stick-meta":"","header-below-stick-meta":"","astra-migrate-meta-layouts":"set","ast-page-background-enabled":"default","ast-page-background-meta":{"desktop":{"background-color":"var(--ast-global-color-5)","background-image":"","background-repeat":"repeat","background-position":"center center","background-size":"auto","background-attachment":"scroll","background-type":"","background-media":"","overlay-type":"","overlay-color":"","overlay-opacity":"","overlay-gradient":""},"tablet":{"background-color":"","background-image":"","background-repeat":"repeat","background-position":"center center","background-size":"auto","background-attachment":"scroll","background-type":"","background-media":"","overlay-type":"","overlay-color":"","overlay-opacity":"","overlay-gradient":""},"mobile":{"background-color":"","background-image":"","background-repeat":"repeat","background-position":"center center","background-size":"auto","background-attachment":"scroll","background-type":"","background-media":"","overlay-type":"","overlay-color":"","overlay-opacity":"","overlay-gradient":""}},"ast-content-background-meta":{"desktop":{"background-color":"var(--ast-global-color-4)","background-image":"","background-repeat":"repeat","background-position":"center center","background-size":"auto","background-attachment":"scroll","background-type":"","background-media":"","overlay-type":"","overlay-color":"","overlay-opacity":"","overlay-gradient":""},"tablet":{"background-color":"var(--ast-global-color-4)","background-image":"","background-repeat":"repeat","background-position":"center center","background-size":"auto","background-attachment":"scroll","background-type":"","background-media":"","overlay-type":"","overlay-color":"","overlay-opacity":"","overlay-gradient":""},"mobile":{"background-color":"var(--ast-global-color-4)","background-image":"","background-repeat":"repeat","background-position":"center center","background-size":"auto","background-attachment":"scroll","background-type":"","background-media":"","overlay-type":"","overlay-color":"","overlay-opacity":"","overlay-gradient":""}}},"product_brand":[],"product_cat":[23,28,38],"product_tag":[],"class_list":{"0":"post-323","1":"product","2":"type-product","3":"status-publish","4":"has-post-thumbnail","6":"product_cat-reformer-tower","7":"product_cat-reformery-drewniane","8":"product_cat-seria-diamond","9":"desktop-align-left","10":"tablet-align-left","11":"mobile-align-left","13":"first","14":"instock","15":"shipping-taxable","16":"product-type-simple"},"yoast_head":"<!-- This site is optimized with the Yoast SEO Premium plugin v26.9 (Yoast SEO v26.9) - https:\/\/yoast.com\/product\/yoast-seo-premium-wordpress\/ -->\n<title>BIRCH - TOWER REFORMER - Pure Pilates Studio<\/title>\n<meta name=\"robots\" content=\"index, follow, max-snippet:-1, max-image-preview:large, max-video-preview:-1\" \/>\n<link rel=\"canonical\" href=\"https:\/\/purepilatesstudio.com.pl\/index.php\/produkt\/birch-tower-reformer\/\" \/>\n<meta property=\"og:locale\" content=\"pl_PL\" \/>\n<meta property=\"og:type\" content=\"article\" \/>\n<meta property=\"og:title\" content=\"BIRCH - TOWER REFORMER\" \/>\n<meta property=\"og:description\" content=\"PERFEKCYJNY RUCHTower Reformer zapewnia p\u0142ynny ruch oraz doskona\u0142e mo\u017cliwo\u015bci regulacji. Dzi\u0119ki specjalnej konstrukcji pozwala tak\u017ce zaoszcz\u0119dzi\u0107 miejsce. NIEOGRANICZONE OPCJE USTAWIE\u0143Rozszerzone [&hellip;]\" \/>\n<meta property=\"og:url\" content=\"https:\/\/purepilatesstudio.com.pl\/index.php\/produkt\/birch-tower-reformer\/\" \/>\n<meta property=\"og:site_name\" content=\"Pure Pilates Studio\" \/>\n<meta property=\"article:modified_time\" content=\"2025-06-30T18:28:02+00:00\" \/>\n<meta property=\"og:image\" content=\"https:\/\/purepilatesstudio.com.pl\/wp-content\/uploads\/2025\/06\/BIRCH-TOWER-REFORMER.png\" \/>\n\t<meta property=\"og:image:width\" content=\"1448\" \/>\n\t<meta property=\"og:image:height\" content=\"1079\" \/>\n\t<meta property=\"og:image:type\" content=\"image\/png\" \/>\n<meta name=\"twitter:card\" content=\"summary_large_image\" \/>\n<meta name=\"twitter:label1\" content=\"Cena\" \/>\n\t<meta name=\"twitter:data1\" content=\"\" \/>\n\t<meta name=\"twitter:label2\" content=\"Dost\u0119pno\u015b\u0107\" \/>\n\t<meta name=\"twitter:data2\" content=\"Dost\u0119pny\" \/>\n<script type=\"application\/ld+json\" class=\"yoast-schema-graph\">{\"@context\":\"https:\/\/schema.org\",\"@graph\":[{\"@type\":\"WebPage\",\"@id\":\"https:\/\/purepilatesstudio.com.pl\/index.php\/produkt\/birch-tower-reformer\/\",\"url\":\"https:\/\/purepilatesstudio.com.pl\/index.php\/produkt\/birch-tower-reformer\/\",\"name\":\"BIRCH - TOWER REFORMER - Pure Pilates Studio\",\"isPartOf\":{\"@id\":\"https:\/\/purepilatesstudio.com.pl\/#website\"},\"primaryImageOfPage\":{\"@id\":\"https:\/\/purepilatesstudio.com.pl\/index.php\/produkt\/birch-tower-reformer\/#primaryimage\"},\"image\":{\"@id\":\"https:\/\/purepilatesstudio.com.pl\/index.php\/produkt\/birch-tower-reformer\/#primaryimage\"},\"thumbnailUrl\":\"https:\/\/purepilatesstudio.com.pl\/wp-content\/uploads\/2025\/06\/BIRCH-TOWER-REFORMER.png\",\"datePublished\":\"2025-06-24T22:27:28+00:00\",\"dateModified\":\"2025-06-30T18:28:02+00:00\",\"breadcrumb\":{\"@id\":\"https:\/\/purepilatesstudio.com.pl\/index.php\/produkt\/birch-tower-reformer\/#breadcrumb\"},\"inLanguage\":\"pl-PL\",\"potentialAction\":[{\"@type\":\"ReadAction\",\"target\":[\"https:\/\/purepilatesstudio.com.pl\/index.php\/produkt\/birch-tower-reformer\/\"]}]},{\"@type\":\"ImageObject\",\"inLanguage\":\"pl-PL\",\"@id\":\"https:\/\/purepilatesstudio.com.pl\/index.php\/produkt\/birch-tower-reformer\/#primaryimage\",\"url\":\"https:\/\/purepilatesstudio.com.pl\/wp-content\/uploads\/2025\/06\/BIRCH-TOWER-REFORMER.png\",\"contentUrl\":\"https:\/\/purepilatesstudio.com.pl\/wp-content\/uploads\/2025\/06\/BIRCH-TOWER-REFORMER.png\",\"width\":1448,\"height\":1079},{\"@type\":\"BreadcrumbList\",\"@id\":\"https:\/\/purepilatesstudio.com.pl\/index.php\/produkt\/birch-tower-reformer\/#breadcrumb\",\"itemListElement\":[{\"@type\":\"ListItem\",\"position\":1,\"name\":\"Home\",\"item\":\"https:\/\/purepilatesstudio.com.pl\/\"},{\"@type\":\"ListItem\",\"position\":2,\"name\":\"Sprz\u0119t\",\"item\":\"https:\/\/purepilatesstudio.com.pl\/index.php\/sprzet\/\"},{\"@type\":\"ListItem\",\"position\":3,\"name\":\"BIRCH &#8211; TOWER REFORMER\"}]},{\"@type\":\"WebSite\",\"@id\":\"https:\/\/purepilatesstudio.com.pl\/#website\",\"url\":\"https:\/\/purepilatesstudio.com.pl\/\",\"name\":\"Pure Pilates Studio\",\"description\":\"\",\"publisher\":{\"@id\":\"https:\/\/purepilatesstudio.com.pl\/#organization\"},\"potentialAction\":[{\"@type\":\"SearchAction\",\"target\":{\"@type\":\"EntryPoint\",\"urlTemplate\":\"https:\/\/purepilatesstudio.com.pl\/?s={search_term_string}\"},\"query-input\":{\"@type\":\"PropertyValueSpecification\",\"valueRequired\":true,\"valueName\":\"search_term_string\"}}],\"inLanguage\":\"pl-PL\"},{\"@type\":\"Organization\",\"@id\":\"https:\/\/purepilatesstudio.com.pl\/#organization\",\"name\":\"Pure Pilates Studio\",\"url\":\"https:\/\/purepilatesstudio.com.pl\/\",\"logo\":{\"@type\":\"ImageObject\",\"inLanguage\":\"pl-PL\",\"@id\":\"https:\/\/purepilatesstudio.com.pl\/#\/schema\/logo\/image\/\",\"url\":\"https:\/\/purepilatesstudio.com.pl\/wp-content\/uploads\/2026\/02\/Pure-Pilates-Studio-2-e1750674500360.png\",\"contentUrl\":\"https:\/\/purepilatesstudio.com.pl\/wp-content\/uploads\/2026\/02\/Pure-Pilates-Studio-2-e1750674500360.png\",\"width\":1138,\"height\":790,\"caption\":\"Pure Pilates Studio\"},\"image\":{\"@id\":\"https:\/\/purepilatesstudio.com.pl\/#\/schema\/logo\/image\/\"}}]}<\/script>\n<meta property=\"product:price:amount\" content=\"0.00\" \/>\n<meta property=\"product:price:currency\" content=\"PLN\" \/>\n<meta property=\"og:availability\" content=\"instock\" \/>\n<meta property=\"product:availability\" content=\"instock\" \/>\n<meta property=\"product:condition\" content=\"new\" \/>\n<!-- \/ Yoast SEO Premium plugin. -->","yoast_head_json":{"title":"BIRCH - TOWER REFORMER - Pure Pilates Studio","robots":{"index":"index","follow":"follow","max-snippet":"max-snippet:-1","max-image-preview":"max-image-preview:large","max-video-preview":"max-video-preview:-1"},"canonical":"https:\/\/purepilatesstudio.com.pl\/index.php\/produkt\/birch-tower-reformer\/","og_locale":"pl_PL","og_type":"article","og_title":"BIRCH - TOWER REFORMER","og_description":"PERFEKCYJNY RUCHTower Reformer zapewnia p\u0142ynny ruch oraz doskona\u0142e mo\u017cliwo\u015bci regulacji. Dzi\u0119ki specjalnej konstrukcji pozwala tak\u017ce zaoszcz\u0119dzi\u0107 miejsce. NIEOGRANICZONE OPCJE USTAWIE\u0143Rozszerzone [&hellip;]","og_url":"https:\/\/purepilatesstudio.com.pl\/index.php\/produkt\/birch-tower-reformer\/","og_site_name":"Pure Pilates Studio","article_modified_time":"2025-06-30T18:28:02+00:00","og_image":[{"width":1448,"height":1079,"url":"https:\/\/purepilatesstudio.com.pl\/wp-content\/uploads\/2025\/06\/BIRCH-TOWER-REFORMER.png","type":"image\/png"}],"twitter_card":"summary_large_image","twitter_misc":{"Cena":"","Dost\u0119pno\u015b\u0107":"Dost\u0119pny"},"schema":{"@context":"https:\/\/schema.org","@graph":[{"@type":"WebPage","@id":"https:\/\/purepilatesstudio.com.pl\/index.php\/produkt\/birch-tower-reformer\/","url":"https:\/\/purepilatesstudio.com.pl\/index.php\/produkt\/birch-tower-reformer\/","name":"BIRCH - TOWER REFORMER - Pure Pilates Studio","isPartOf":{"@id":"https:\/\/purepilatesstudio.com.pl\/#website"},"primaryImageOfPage":{"@id":"https:\/\/purepilatesstudio.com.pl\/index.php\/produkt\/birch-tower-reformer\/#primaryimage"},"image":{"@id":"https:\/\/purepilatesstudio.com.pl\/index.php\/produkt\/birch-tower-reformer\/#primaryimage"},"thumbnailUrl":"https:\/\/purepilatesstudio.com.pl\/wp-content\/uploads\/2025\/06\/BIRCH-TOWER-REFORMER.png","datePublished":"2025-06-24T22:27:28+00:00","dateModified":"2025-06-30T18:28:02+00:00","breadcrumb":{"@id":"https:\/\/purepilatesstudio.com.pl\/index.php\/produkt\/birch-tower-reformer\/#breadcrumb"},"inLanguage":"pl-PL","potentialAction":[{"@type":"ReadAction","target":["https:\/\/purepilatesstudio.com.pl\/index.php\/produkt\/birch-tower-reformer\/"]}]},{"@type":"ImageObject","inLanguage":"pl-PL","@id":"https:\/\/purepilatesstudio.com.pl\/index.php\/produkt\/birch-tower-reformer\/#primaryimage","url":"https:\/\/purepilatesstudio.com.pl\/wp-content\/uploads\/2025\/06\/BIRCH-TOWER-REFORMER.png","contentUrl":"https:\/\/purepilatesstudio.com.pl\/wp-content\/uploads\/2025\/06\/BIRCH-TOWER-REFORMER.png","width":1448,"height":1079},{"@type":"BreadcrumbList","@id":"https:\/\/purepilatesstudio.com.pl\/index.php\/produkt\/birch-tower-reformer\/#breadcrumb","itemListElement":[{"@type":"ListItem","position":1,"name":"Home","item":"https:\/\/purepilatesstudio.com.pl\/"},{"@type":"ListItem","position":2,"name":"Sprz\u0119t","item":"https:\/\/purepilatesstudio.com.pl\/index.php\/sprzet\/"},{"@type":"ListItem","position":3,"name":"BIRCH &#8211; TOWER REFORMER"}]},{"@type":"WebSite","@id":"https:\/\/purepilatesstudio.com.pl\/#website","url":"https:\/\/purepilatesstudio.com.pl\/","name":"Pure Pilates Studio","description":"","publisher":{"@id":"https:\/\/purepilatesstudio.com.pl\/#organization"},"potentialAction":[{"@type":"SearchAction","target":{"@type":"EntryPoint","urlTemplate":"https:\/\/purepilatesstudio.com.pl\/?s={search_term_string}"},"query-input":{"@type":"PropertyValueSpecification","valueRequired":true,"valueName":"search_term_string"}}],"inLanguage":"pl-PL"},{"@type":"Organization","@id":"https:\/\/purepilatesstudio.com.pl\/#organization","name":"Pure Pilates Studio","url":"https:\/\/purepilatesstudio.com.pl\/","logo":{"@type":"ImageObject","inLanguage":"pl-PL","@id":"https:\/\/purepilatesstudio.com.pl\/#\/schema\/logo\/image\/","url":"https:\/\/purepilatesstudio.com.pl\/wp-content\/uploads\/2026\/02\/Pure-Pilates-Studio-2-e1750674500360.png","contentUrl":"https:\/\/purepilatesstudio.com.pl\/wp-content\/uploads\/2026\/02\/Pure-Pilates-Studio-2-e1750674500360.png","width":1138,"height":790,"caption":"Pure Pilates Studio"},"image":{"@id":"https:\/\/purepilatesstudio.com.pl\/#\/schema\/logo\/image\/"}}]},"product_price_amount":"0.00","product_price_currency":"PLN","og_availability":"instock","product_availability":"instock","product_condition":"new"},"_links":{"self":[{"href":"https:\/\/purepilatesstudio.com.pl\/index.php\/wp-json\/wp\/v2\/product\/323","targetHints":{"allow":["GET"]}}],"collection":[{"href":"https:\/\/purepilatesstudio.com.pl\/index.php\/wp-json\/wp\/v2\/product"}],"about":[{"href":"https:\/\/purepilatesstudio.com.pl\/index.php\/wp-json\/wp\/v2\/types\/product"}],"replies":[{"embeddable":true,"href":"https:\/\/purepilatesstudio.com.pl\/index.php\/wp-json\/wp\/v2\/comments?post=323"}],"wp:featuredmedia":[{"embeddable":true,"href":"https:\/\/purepilatesstudio.com.pl\/index.php\/wp-json\/wp\/v2\/media\/324"}],"wp:attachment":[{"href":"https:\/\/purepilatesstudio.com.pl\/index.php\/wp-json\/wp\/v2\/media?parent=323"}],"wp:term":[{"taxonomy":"product_brand","embeddable":true,"href":"https:\/\/purepilatesstudio.com.pl\/index.php\/wp-json\/wp\/v2\/product_brand?post=323"},{"taxonomy":"product_cat","embeddable":true,"href":"https:\/\/purepilatesstudio.com.pl\/index.php\/wp-json\/wp\/v2\/product_cat?post=323"},{"taxonomy":"product_tag","embeddable":true,"href":"https:\/\/purepilatesstudio.com.pl\/index.php\/wp-json\/wp\/v2\/product_tag?post=323"}],"curies":[{"name":"wp","href":"https:\/\/api.w.org\/{rel}","templated":true}]}}