{"id":300,"date":"2025-06-24T23:20:20","date_gmt":"2025-06-24T21:20:20","guid":{"rendered":"https:\/\/purepilatesstudio.com.pl\/?post_type=product&#038;p=300"},"modified":"2025-06-30T20:29:00","modified_gmt":"2025-06-30T18:29:00","slug":"birch-combo-cadillac-reformer","status":"publish","type":"product","link":"https:\/\/purepilatesstudio.com.pl\/index.php\/produkt\/birch-combo-cadillac-reformer\/","title":{"rendered":"BIRCH &#8211; COMBO CADILLAC REFORMER"},"content":{"rendered":"<h2 data-start=\"208\" data-end=\"1121\"><strong data-start=\"208\" data-end=\"241\">NIEOGRANICZONE OPCJE USTAWIE\u0143<\/strong><\/h2>\n<p data-start=\"208\" data-end=\"1121\"><br data-start=\"241\" data-end=\"244\" \/>Rozszerzone opcje przek\u0142adni pozwalaj\u0105 na precyzyjne kontrolowanie k\u0105ta b\u0119bna, a tak\u017ce umo\u017cliwiaj\u0105 dok\u0142adn\u0105 regulacj\u0119 oporu spr\u0119\u017cyn.<br data-start=\"376\" data-end=\"379\" \/>Reformer nadaje si\u0119 r\u00f3wnie\u017c do \u0107wicze\u0144 na macie.<br data-start=\"427\" data-end=\"430\" \/>8 specjalnie wykonanych k\u00f3\u0142ek i \u0142o\u017cysk w w\u00f3zku zapewnia cich\u0105 i komfortow\u0105 prac\u0119.<br data-start=\"511\" data-end=\"514\" \/>Trwa\u0142e i wysokiej jako\u015bci aluminiowe prowadnice.<br data-start=\"562\" data-end=\"565\" \/>D\u0142ugi, szeroki materac oraz przesuwany materac pokryty piank\u0105 ortopedyczn\u0105 o tej samej szeroko\u015bci.<br data-start=\"663\" data-end=\"666\" \/>Unikalna precyzja w opcjach regulacji \u0142uku. Spr\u0119\u017cyny s\u0105 wykonane ze specjalnie zwijanego drutu stalowego, ka\u017cda o innym oporze w zale\u017cno\u015bci od koloru.<br data-start=\"816\" data-end=\"819\" \/>W w\u00f3zku znajduje si\u0119 5 spr\u0119\u017cyn.<br data-start=\"850\" data-end=\"853\" \/>Regulowane rolki.<br data-start=\"870\" data-end=\"873\" \/>Regulowana rama, poduszki na ramiona i dr\u0105\u017cek na stopy.<br data-start=\"928\" data-end=\"931\" \/>3 r\u00f3\u017cne ustawienia przek\u0142adni dla ka\u017cdej spr\u0119\u017cyny.<br data-start=\"981\" data-end=\"984\" \/>Do zestawu akcesori\u00f3w wchodz\u0105 pude\u0142ko (Box) i odskocznia (Springboard).<br data-start=\"1055\" data-end=\"1058\" \/>Klamry u\u017cyte w urz\u0105dzeniu s\u0105 wysokiej jako\u015bci i szyte na miar\u0119.<\/p>\n<h2 data-start=\"1123\" data-end=\"1962\"><strong data-start=\"1123\" data-end=\"1153\">WYSOKIEJ JAKO\u015aCI MATERIA\u0141Y<\/strong><\/h2>\n<p data-start=\"1123\" data-end=\"1962\"><br data-start=\"1153\" data-end=\"1156\" \/>Lite drewno u\u017cyte do konstrukcji korpusu zosta\u0142o wyci\u0119te za pomoc\u0105 technologii CNC. Dzi\u0119ki temu uzyskano materia\u0142 solidny i estetyczny. Wszystkie materia\u0142y \u2013 od najmniejszych element\u00f3w po stalowe \u015bruby k\u00f3\u0142 w\u00f3zka \u2013 zosta\u0142y opracowane i u\u017cyte w wyniku szczeg\u00f3\u0142owych bada\u0144 R&amp;D.<br data-start=\"1430\" data-end=\"1433\" \/>Do budowy korpusu wykorzystano drewno bukowe o grubo\u015bci 30 mm.<br data-start=\"1495\" data-end=\"1498\" \/>Zamiast metalowych \u015brub zastosowano drewniane kliny, aby nie narusza\u0107 w\u0142a\u015bciwo\u015bci drewna. Drewniane akcesoria wykonane s\u0105 z drewna grabowego.<br data-start=\"1639\" data-end=\"1642\" \/>Rury no\u015bne wykonane s\u0105 w 100% z chromowanego materia\u0142u o grubo\u015bci 2 mm, co zapewnia wysok\u0105 wytrzyma\u0142o\u015b\u0107 i trwa\u0142o\u015b\u0107.<br data-start=\"1757\" data-end=\"1760\" \/>Zamki i elementy \u0142\u0105cz\u0105ce s\u0105 odlewami specjalnej produkcji.<br data-start=\"1818\" data-end=\"1821\" \/>G\u0105bki uchwyt\u00f3w nie \u015blizgaj\u0105 si\u0119 i nie powoduj\u0105 pocenia. Klamry u\u017cyte przy uchwytach i innych tkaninach s\u0105 wysokiej jako\u015bci i starannie szyte.<\/p>\n","protected":false},"excerpt":{"rendered":"<p>Birch Combo Cadillac oferuje p\u0142ynno\u015b\u0107 ruchu oraz doskona\u0142e mo\u017cliwo\u015bci regulacji. Dzi\u0119ki specjalnej konstrukcji oszcz\u0119dza r\u00f3wnie\u017c miejsce.<\/p>\n","protected":false},"featured_media":310,"comment_status":"closed","ping_status":"closed","template":"","meta":{"site-sidebar-layout":"default","site-content-layout":"","ast-site-content-layout":"default","site-content-style":"default","site-sidebar-style":"default","ast-global-header-display":"","ast-banner-title-visibility":"","ast-main-header-display":"","ast-hfb-above-header-display":"","ast-hfb-below-header-display":"","ast-hfb-mobile-header-display":"","site-post-title":"","ast-breadcrumbs-content":"","ast-featured-img":"","footer-sml-layout":"","theme-transparent-header-meta":"default","adv-header-id-meta":"","stick-header-meta":"","header-above-stick-meta":"","header-main-stick-meta":"","header-below-stick-meta":"","astra-migrate-meta-layouts":"set","ast-page-background-enabled":"default","ast-page-background-meta":{"desktop":{"background-color":"var(--ast-global-color-5)","background-image":"","background-repeat":"repeat","background-position":"center center","background-size":"auto","background-attachment":"scroll","background-type":"","background-media":"","overlay-type":"","overlay-color":"","overlay-opacity":"","overlay-gradient":""},"tablet":{"background-color":"","background-image":"","background-repeat":"repeat","background-position":"center center","background-size":"auto","background-attachment":"scroll","background-type":"","background-media":"","overlay-type":"","overlay-color":"","overlay-opacity":"","overlay-gradient":""},"mobile":{"background-color":"","background-image":"","background-repeat":"repeat","background-position":"center center","background-size":"auto","background-attachment":"scroll","background-type":"","background-media":"","overlay-type":"","overlay-color":"","overlay-opacity":"","overlay-gradient":""}},"ast-content-background-meta":{"desktop":{"background-color":"var(--ast-global-color-4)","background-image":"","background-repeat":"repeat","background-position":"center center","background-size":"auto","background-attachment":"scroll","background-type":"","background-media":"","overlay-type":"","overlay-color":"","overlay-opacity":"","overlay-gradient":""},"tablet":{"background-color":"var(--ast-global-color-4)","background-image":"","background-repeat":"repeat","background-position":"center center","background-size":"auto","background-attachment":"scroll","background-type":"","background-media":"","overlay-type":"","overlay-color":"","overlay-opacity":"","overlay-gradient":""},"mobile":{"background-color":"var(--ast-global-color-4)","background-image":"","background-repeat":"repeat","background-position":"center center","background-size":"auto","background-attachment":"scroll","background-type":"","background-media":"","overlay-type":"","overlay-color":"","overlay-opacity":"","overlay-gradient":""}}},"product_brand":[],"product_cat":[21,28,38],"product_tag":[],"class_list":{"0":"post-300","1":"product","2":"type-product","3":"status-publish","4":"has-post-thumbnail","6":"product_cat-reformer-cadillac","7":"product_cat-reformery-drewniane","8":"product_cat-seria-diamond","9":"desktop-align-left","10":"tablet-align-left","11":"mobile-align-left","13":"first","14":"instock","15":"shipping-taxable","16":"product-type-simple"},"yoast_head":"<!-- This site is optimized with the Yoast SEO Premium plugin v26.9 (Yoast SEO v26.9) - https:\/\/yoast.com\/product\/yoast-seo-premium-wordpress\/ -->\n<title>BIRCH - COMBO CADILLAC REFORMER - Pure Pilates Studio<\/title>\n<meta name=\"robots\" content=\"index, follow, max-snippet:-1, max-image-preview:large, max-video-preview:-1\" \/>\n<link rel=\"canonical\" href=\"https:\/\/purepilatesstudio.com.pl\/index.php\/produkt\/birch-combo-cadillac-reformer\/\" \/>\n<meta property=\"og:locale\" content=\"pl_PL\" \/>\n<meta property=\"og:type\" content=\"article\" \/>\n<meta property=\"og:title\" content=\"BIRCH - COMBO CADILLAC REFORMER\" \/>\n<meta property=\"og:description\" content=\"Birch Combo Cadillac oferuje p\u0142ynno\u015b\u0107 ruchu oraz doskona\u0142e mo\u017cliwo\u015bci regulacji. Dzi\u0119ki specjalnej konstrukcji oszcz\u0119dza r\u00f3wnie\u017c miejsce.\" \/>\n<meta property=\"og:url\" content=\"https:\/\/purepilatesstudio.com.pl\/index.php\/produkt\/birch-combo-cadillac-reformer\/\" \/>\n<meta property=\"og:site_name\" content=\"Pure Pilates Studio\" \/>\n<meta property=\"article:modified_time\" content=\"2025-06-30T18:29:00+00:00\" \/>\n<meta property=\"og:image\" content=\"https:\/\/purepilatesstudio.com.pl\/wp-content\/uploads\/2025\/06\/BIRCH-COMBO-CADILLAC-REFORMER.png\" \/>\n\t<meta property=\"og:image:width\" content=\"1394\" \/>\n\t<meta property=\"og:image:height\" content=\"999\" \/>\n\t<meta property=\"og:image:type\" content=\"image\/png\" \/>\n<meta name=\"twitter:card\" content=\"summary_large_image\" \/>\n<meta name=\"twitter:label1\" content=\"Cena\" \/>\n\t<meta name=\"twitter:data1\" content=\"\" \/>\n\t<meta name=\"twitter:label2\" content=\"Dost\u0119pno\u015b\u0107\" \/>\n\t<meta name=\"twitter:data2\" content=\"Dost\u0119pny\" \/>\n<script type=\"application\/ld+json\" class=\"yoast-schema-graph\">{\"@context\":\"https:\/\/schema.org\",\"@graph\":[{\"@type\":\"WebPage\",\"@id\":\"https:\/\/purepilatesstudio.com.pl\/index.php\/produkt\/birch-combo-cadillac-reformer\/\",\"url\":\"https:\/\/purepilatesstudio.com.pl\/index.php\/produkt\/birch-combo-cadillac-reformer\/\",\"name\":\"BIRCH - COMBO CADILLAC REFORMER - Pure Pilates Studio\",\"isPartOf\":{\"@id\":\"https:\/\/purepilatesstudio.com.pl\/#website\"},\"primaryImageOfPage\":{\"@id\":\"https:\/\/purepilatesstudio.com.pl\/index.php\/produkt\/birch-combo-cadillac-reformer\/#primaryimage\"},\"image\":{\"@id\":\"https:\/\/purepilatesstudio.com.pl\/index.php\/produkt\/birch-combo-cadillac-reformer\/#primaryimage\"},\"thumbnailUrl\":\"https:\/\/purepilatesstudio.com.pl\/wp-content\/uploads\/2025\/06\/BIRCH-COMBO-CADILLAC-REFORMER.png\",\"datePublished\":\"2025-06-24T21:20:20+00:00\",\"dateModified\":\"2025-06-30T18:29:00+00:00\",\"breadcrumb\":{\"@id\":\"https:\/\/purepilatesstudio.com.pl\/index.php\/produkt\/birch-combo-cadillac-reformer\/#breadcrumb\"},\"inLanguage\":\"pl-PL\",\"potentialAction\":[{\"@type\":\"ReadAction\",\"target\":[\"https:\/\/purepilatesstudio.com.pl\/index.php\/produkt\/birch-combo-cadillac-reformer\/\"]}]},{\"@type\":\"ImageObject\",\"inLanguage\":\"pl-PL\",\"@id\":\"https:\/\/purepilatesstudio.com.pl\/index.php\/produkt\/birch-combo-cadillac-reformer\/#primaryimage\",\"url\":\"https:\/\/purepilatesstudio.com.pl\/wp-content\/uploads\/2025\/06\/BIRCH-COMBO-CADILLAC-REFORMER.png\",\"contentUrl\":\"https:\/\/purepilatesstudio.com.pl\/wp-content\/uploads\/2025\/06\/BIRCH-COMBO-CADILLAC-REFORMER.png\",\"width\":1394,\"height\":999},{\"@type\":\"BreadcrumbList\",\"@id\":\"https:\/\/purepilatesstudio.com.pl\/index.php\/produkt\/birch-combo-cadillac-reformer\/#breadcrumb\",\"itemListElement\":[{\"@type\":\"ListItem\",\"position\":1,\"name\":\"Home\",\"item\":\"https:\/\/purepilatesstudio.com.pl\/\"},{\"@type\":\"ListItem\",\"position\":2,\"name\":\"Sprz\u0119t\",\"item\":\"https:\/\/purepilatesstudio.com.pl\/index.php\/sprzet\/\"},{\"@type\":\"ListItem\",\"position\":3,\"name\":\"BIRCH &#8211; COMBO CADILLAC REFORMER\"}]},{\"@type\":\"WebSite\",\"@id\":\"https:\/\/purepilatesstudio.com.pl\/#website\",\"url\":\"https:\/\/purepilatesstudio.com.pl\/\",\"name\":\"Pure Pilates Studio\",\"description\":\"\",\"publisher\":{\"@id\":\"https:\/\/purepilatesstudio.com.pl\/#organization\"},\"potentialAction\":[{\"@type\":\"SearchAction\",\"target\":{\"@type\":\"EntryPoint\",\"urlTemplate\":\"https:\/\/purepilatesstudio.com.pl\/?s={search_term_string}\"},\"query-input\":{\"@type\":\"PropertyValueSpecification\",\"valueRequired\":true,\"valueName\":\"search_term_string\"}}],\"inLanguage\":\"pl-PL\"},{\"@type\":\"Organization\",\"@id\":\"https:\/\/purepilatesstudio.com.pl\/#organization\",\"name\":\"Pure Pilates Studio\",\"url\":\"https:\/\/purepilatesstudio.com.pl\/\",\"logo\":{\"@type\":\"ImageObject\",\"inLanguage\":\"pl-PL\",\"@id\":\"https:\/\/purepilatesstudio.com.pl\/#\/schema\/logo\/image\/\",\"url\":\"https:\/\/purepilatesstudio.com.pl\/wp-content\/uploads\/2026\/02\/Pure-Pilates-Studio-2-e1750674500360.png\",\"contentUrl\":\"https:\/\/purepilatesstudio.com.pl\/wp-content\/uploads\/2026\/02\/Pure-Pilates-Studio-2-e1750674500360.png\",\"width\":1138,\"height\":790,\"caption\":\"Pure Pilates Studio\"},\"image\":{\"@id\":\"https:\/\/purepilatesstudio.com.pl\/#\/schema\/logo\/image\/\"}}]}<\/script>\n<meta property=\"product:price:amount\" content=\"0.00\" \/>\n<meta property=\"product:price:currency\" content=\"PLN\" \/>\n<meta property=\"og:availability\" content=\"instock\" \/>\n<meta property=\"product:availability\" content=\"instock\" \/>\n<meta property=\"product:condition\" content=\"new\" \/>\n<!-- \/ Yoast SEO Premium plugin. -->","yoast_head_json":{"title":"BIRCH - COMBO CADILLAC REFORMER - Pure Pilates Studio","robots":{"index":"index","follow":"follow","max-snippet":"max-snippet:-1","max-image-preview":"max-image-preview:large","max-video-preview":"max-video-preview:-1"},"canonical":"https:\/\/purepilatesstudio.com.pl\/index.php\/produkt\/birch-combo-cadillac-reformer\/","og_locale":"pl_PL","og_type":"article","og_title":"BIRCH - COMBO CADILLAC REFORMER","og_description":"Birch Combo Cadillac oferuje p\u0142ynno\u015b\u0107 ruchu oraz doskona\u0142e mo\u017cliwo\u015bci regulacji. Dzi\u0119ki specjalnej konstrukcji oszcz\u0119dza r\u00f3wnie\u017c miejsce.","og_url":"https:\/\/purepilatesstudio.com.pl\/index.php\/produkt\/birch-combo-cadillac-reformer\/","og_site_name":"Pure Pilates Studio","article_modified_time":"2025-06-30T18:29:00+00:00","og_image":[{"width":1394,"height":999,"url":"https:\/\/purepilatesstudio.com.pl\/wp-content\/uploads\/2025\/06\/BIRCH-COMBO-CADILLAC-REFORMER.png","type":"image\/png"}],"twitter_card":"summary_large_image","twitter_misc":{"Cena":"","Dost\u0119pno\u015b\u0107":"Dost\u0119pny"},"schema":{"@context":"https:\/\/schema.org","@graph":[{"@type":"WebPage","@id":"https:\/\/purepilatesstudio.com.pl\/index.php\/produkt\/birch-combo-cadillac-reformer\/","url":"https:\/\/purepilatesstudio.com.pl\/index.php\/produkt\/birch-combo-cadillac-reformer\/","name":"BIRCH - COMBO CADILLAC REFORMER - Pure Pilates Studio","isPartOf":{"@id":"https:\/\/purepilatesstudio.com.pl\/#website"},"primaryImageOfPage":{"@id":"https:\/\/purepilatesstudio.com.pl\/index.php\/produkt\/birch-combo-cadillac-reformer\/#primaryimage"},"image":{"@id":"https:\/\/purepilatesstudio.com.pl\/index.php\/produkt\/birch-combo-cadillac-reformer\/#primaryimage"},"thumbnailUrl":"https:\/\/purepilatesstudio.com.pl\/wp-content\/uploads\/2025\/06\/BIRCH-COMBO-CADILLAC-REFORMER.png","datePublished":"2025-06-24T21:20:20+00:00","dateModified":"2025-06-30T18:29:00+00:00","breadcrumb":{"@id":"https:\/\/purepilatesstudio.com.pl\/index.php\/produkt\/birch-combo-cadillac-reformer\/#breadcrumb"},"inLanguage":"pl-PL","potentialAction":[{"@type":"ReadAction","target":["https:\/\/purepilatesstudio.com.pl\/index.php\/produkt\/birch-combo-cadillac-reformer\/"]}]},{"@type":"ImageObject","inLanguage":"pl-PL","@id":"https:\/\/purepilatesstudio.com.pl\/index.php\/produkt\/birch-combo-cadillac-reformer\/#primaryimage","url":"https:\/\/purepilatesstudio.com.pl\/wp-content\/uploads\/2025\/06\/BIRCH-COMBO-CADILLAC-REFORMER.png","contentUrl":"https:\/\/purepilatesstudio.com.pl\/wp-content\/uploads\/2025\/06\/BIRCH-COMBO-CADILLAC-REFORMER.png","width":1394,"height":999},{"@type":"BreadcrumbList","@id":"https:\/\/purepilatesstudio.com.pl\/index.php\/produkt\/birch-combo-cadillac-reformer\/#breadcrumb","itemListElement":[{"@type":"ListItem","position":1,"name":"Home","item":"https:\/\/purepilatesstudio.com.pl\/"},{"@type":"ListItem","position":2,"name":"Sprz\u0119t","item":"https:\/\/purepilatesstudio.com.pl\/index.php\/sprzet\/"},{"@type":"ListItem","position":3,"name":"BIRCH &#8211; COMBO CADILLAC REFORMER"}]},{"@type":"WebSite","@id":"https:\/\/purepilatesstudio.com.pl\/#website","url":"https:\/\/purepilatesstudio.com.pl\/","name":"Pure Pilates Studio","description":"","publisher":{"@id":"https:\/\/purepilatesstudio.com.pl\/#organization"},"potentialAction":[{"@type":"SearchAction","target":{"@type":"EntryPoint","urlTemplate":"https:\/\/purepilatesstudio.com.pl\/?s={search_term_string}"},"query-input":{"@type":"PropertyValueSpecification","valueRequired":true,"valueName":"search_term_string"}}],"inLanguage":"pl-PL"},{"@type":"Organization","@id":"https:\/\/purepilatesstudio.com.pl\/#organization","name":"Pure Pilates Studio","url":"https:\/\/purepilatesstudio.com.pl\/","logo":{"@type":"ImageObject","inLanguage":"pl-PL","@id":"https:\/\/purepilatesstudio.com.pl\/#\/schema\/logo\/image\/","url":"https:\/\/purepilatesstudio.com.pl\/wp-content\/uploads\/2026\/02\/Pure-Pilates-Studio-2-e1750674500360.png","contentUrl":"https:\/\/purepilatesstudio.com.pl\/wp-content\/uploads\/2026\/02\/Pure-Pilates-Studio-2-e1750674500360.png","width":1138,"height":790,"caption":"Pure Pilates Studio"},"image":{"@id":"https:\/\/purepilatesstudio.com.pl\/#\/schema\/logo\/image\/"}}]},"product_price_amount":"0.00","product_price_currency":"PLN","og_availability":"instock","product_availability":"instock","product_condition":"new"},"_links":{"self":[{"href":"https:\/\/purepilatesstudio.com.pl\/index.php\/wp-json\/wp\/v2\/product\/300","targetHints":{"allow":["GET"]}}],"collection":[{"href":"https:\/\/purepilatesstudio.com.pl\/index.php\/wp-json\/wp\/v2\/product"}],"about":[{"href":"https:\/\/purepilatesstudio.com.pl\/index.php\/wp-json\/wp\/v2\/types\/product"}],"replies":[{"embeddable":true,"href":"https:\/\/purepilatesstudio.com.pl\/index.php\/wp-json\/wp\/v2\/comments?post=300"}],"wp:featuredmedia":[{"embeddable":true,"href":"https:\/\/purepilatesstudio.com.pl\/index.php\/wp-json\/wp\/v2\/media\/310"}],"wp:attachment":[{"href":"https:\/\/purepilatesstudio.com.pl\/index.php\/wp-json\/wp\/v2\/media?parent=300"}],"wp:term":[{"taxonomy":"product_brand","embeddable":true,"href":"https:\/\/purepilatesstudio.com.pl\/index.php\/wp-json\/wp\/v2\/product_brand?post=300"},{"taxonomy":"product_cat","embeddable":true,"href":"https:\/\/purepilatesstudio.com.pl\/index.php\/wp-json\/wp\/v2\/product_cat?post=300"},{"taxonomy":"product_tag","embeddable":true,"href":"https:\/\/purepilatesstudio.com.pl\/index.php\/wp-json\/wp\/v2\/product_tag?post=300"}],"curies":[{"name":"wp","href":"https:\/\/api.w.org\/{rel}","templated":true}]}}